{"id":85,"date":"2022-08-05T13:23:33","date_gmt":"2022-08-05T10:23:33","guid":{"rendered":"http:\/\/www.kadindogumestetik.com\/?page_id=85"},"modified":"2022-08-05T17:31:08","modified_gmt":"2022-08-05T14:31:08","slug":"meme-diklestirme","status":"publish","type":"page","link":"https:\/\/opdrhakanaydogan.com\/tr\/meme-diklestirme\/","title":{"rendered":"Meme Dikle\u015ftirme\u00a0"},"content":{"rendered":"\n<p>G\u00f6\u011f\u00fcs \u015feklinden memnun olmayan, sarkmalar\u0131 gidermek isteyen kad\u0131nlar meme dikle\u015ftirme ameliyat\u0131 i\u00e7in klini\u011fimize ba\u015fvuru yapmaktad\u0131r.<\/p>\n\n\n\n<h4 class=\"wp-block-heading\">G\u00f6\u011f\u00fcslerin Sarkma Nedenleri<\/h4>\n\n\n\n<p>G\u00f6\u011f\u00fcslerin do\u011fal yap\u0131s\u0131, farkl\u0131 nedenlere ba\u011fl\u0131 olarak de\u011fi\u015febilir. Sarkman\u0131n bir\u00e7ok nedeni olabilir. Yer \u00e7ekimi, ya\u015f ilerlemesi, \u00e7ok s\u0131k kilo al\u0131p verme en temel nedenlerdendir. Ayr\u0131ca do\u011fum ve emzirme de sarkma nedenidir. Ancak g\u00f6\u011f\u00fcslerde ortalamadan fazla b\u00fcy\u00fckl\u00fck olmas\u0131 da sarkma nedeni olabilmektedir.\u00a0<strong>Meme dikle\u015ftirme\u00a0<\/strong>\u00a0ameliyat\u0131 sonras\u0131nda sarkmalar son bulabilmektedir.<\/p>\n\n\n\n<p>\u00d6ncelikli klini\u011fimize gelen hastalar\u00a0 ayakta muayene edilmektedir. \u00a0Dikle\u015ftirilecek miktar hesaplan\u0131rken\u00a0 meme ba\u015f\u0131 ve meme bezi miktar\u0131 dikkate al\u0131nmaktad\u0131r. Tabi hastalar\u0131n beklentileri de \u00f6nemlidir.<\/p>\n\n\n\n<ul class=\"wp-block-list\"><li>Sarkma \u00e7ok ise<strong>\u00a0meme dikle\u015ftirme\u00a0<\/strong>memeye silikon protez yerle\u015ftirilir ve toparlama yap\u0131l\u0131r.\u00a0 Meme derisi toparlamas\u0131, meme bezi miktar\u0131 az oldu\u011funda\u00a0 daha zor olabilir. Ameliyat s\u00fcrecine gelince merak edilen\u00a0 baz\u0131 bilgiler \u015f\u00f6yledir:<\/li><li>Genel anestezi alt\u0131nda operasyon ger\u00e7ekle\u015fir. En \u00e7ok 4 saat s\u00fcrer.<\/li><li>Meme bezi yeterli miktarda olan\u00a0 ki\u015filerde genelde meme k\u00fc\u00e7\u00fcltmeye benzer bir operasyon yap\u0131l\u0131r. Ancak bu i\u015flemlerde meme bezinden eksiltme olmaz.<\/li><li>Hastaya s\u00fcre\u00e7 sonras\u0131yla ilgili bilgiler verilir ve kontrollerle taburcu edilir.<\/li><\/ul>\n\n\n\n<p><br>Ameliyat olan hastalar\u0131m\u0131za i\u015flem bitiminde hemen buz kompres tedavisi yap\u0131lmaktad\u0131r. &nbsp;Diki\u015flerin sabit durmas\u0131 ve daha rahat hissedilmesi i\u00e7in sporcu s\u00fctyeni giydirilir. Ameliyat b\u00f6l\u00fcm\u00fc ince bantlarla kaplanm\u0131\u015ft\u0131r.<\/p>\n\n\n\n<ul class=\"wp-block-list\"><li>Oprasyonda konulan drenler en ge\u00e7 2 g\u00fcne kadar \u00e7\u0131kar\u0131l\u0131r. Bu i\u015flemden 2 g\u00fcn sonra du\u015f al\u0131nmal\u0131d\u0131r.<\/li><li>Ameliyat diki\u015fleri 15 g\u00fcn sonra al\u0131nmaktad\u0131r. Ancak 4 hafta boyunca sporcu s\u00fctyeni giyilmelidir. Aksi halde a\u011fr\u0131lar \u00e7o\u011falabilir, g\u00fcvensiz bir g\u00f6\u011f\u00fcs hissi olu\u015fabilir.<\/li><li>\u00d6dem inmesi de dahil olmak \u00fczere, memenin son halini almas\u0131 i\u00e7in ortalama 9 haftaya ihtiya\u00e7 vard\u0131r.<\/li><li><strong>Meme dikle\u015ftirme\u00a0<\/strong>ameliyat\u0131ndan sonra emzirme fonksiyonu devam etmektedir.<\/li><\/ul>\n\n\n\n<p><strong>Yeniden Sarkma Olabilir Mi?<\/strong><\/p>\n\n\n\n<p>Hastalar\u0131m\u0131z\u0131n endi\u015fe etti\u011fi konulardan biri ameliyattan sonra yeniden sarkma durumunun olup olmamas\u0131d\u0131r. Bu durum ba\u015fvuru yapan hastan\u0131n yeniden \u00e7ocuk yapma durumuna g\u00f6re de\u011fi\u015febilir. Ayr\u0131ca v\u00fccut a\u011f\u0131rl\u0131\u011f\u0131nda da \u00f6nemli de\u011fi\u015fiklikler olmamal\u0131d\u0131r. \u00c7ocuk yapmayacak hastalar\u0131n ve\u00a0 \u00e7ok kilo almayaca\u011f\u0131n\u0131 d\u00fc\u015f\u00fcnen hastalar\u0131n bu i\u015flemi yapt\u0131rmas\u0131 gerekir.<\/p>\n\n\n\n<p><strong>Operasyonda Ne Gibi Sorunlar \u00c7\u0131kabilir?<\/strong><\/p>\n\n\n\n<p><strong>Meme dikle\u015ftirme&nbsp;<\/strong>&nbsp;operasyonu s\u0131ras\u0131nda olas\u0131 sorunlara bak\u0131l\u0131rsa, kanama, doku i\u00e7inde kan birikmesi&nbsp; \u015feklinde s\u0131ralanabilir. Baz\u0131 hallerde \u015feker hastalar\u0131, alkol ve sigara kullananlarda izler kal\u0131c\u0131 olabilmektedir. iltihaplanma, yaran\u0131n a\u00e7\u0131lmas\u0131 ve diki\u015f atmas\u0131 sorunlar\u0131 da g\u00f6r\u00fclebilen di\u011fer durumlard\u0131r. Bu gibi hallerde an\u0131nda m\u00fcdahale edilmekte ve d\u00fczeltme yap\u0131lmaktad\u0131r.<\/p>\n","protected":false},"excerpt":{"rendered":"<p>G\u00f6\u011f\u00fcs \u015feklinden memnun olmayan, sarkmalar\u0131 gidermek isteyen kad\u0131nlar meme dikle\u015ftirme ameliyat\u0131 i\u00e7in klini\u011fimize ba\u015fvuru yapmaktad\u0131r. G\u00f6\u011f\u00fcslerin Sarkma Nedenleri G\u00f6\u011f\u00fcslerin do\u011fal yap\u0131s\u0131, farkl\u0131 nedenlere ba\u011fl\u0131 olarak de\u011fi\u015febilir. Sarkman\u0131n bir\u00e7ok nedeni olabilir. Yer \u00e7ekimi, ya\u015f ilerlemesi, \u00e7ok s\u0131k kilo al\u0131p verme en temel nedenlerdendir. Ayr\u0131ca do\u011fum ve emzirme de sarkma nedenidir. Ancak g\u00f6\u011f\u00fcslerde ortalamadan fazla b\u00fcy\u00fckl\u00fck olmas\u0131 [&hellip;]<\/p>\n","protected":false},"author":1,"featured_media":1184,"parent":0,"menu_order":0,"comment_status":"closed","ping_status":"closed","template":"","meta":{"_acf_changed":false,"inline_featured_image":false,"footnotes":""},"class_list":["post-85","page","type-page","status-publish","has-post-thumbnail","hentry"],"acf":[],"_links":{"self":[{"href":"https:\/\/opdrhakanaydogan.com\/tr\/wp-json\/wp\/v2\/pages\/85","targetHints":{"allow":["GET"]}}],"collection":[{"href":"https:\/\/opdrhakanaydogan.com\/tr\/wp-json\/wp\/v2\/pages"}],"about":[{"href":"https:\/\/opdrhakanaydogan.com\/tr\/wp-json\/wp\/v2\/types\/page"}],"author":[{"embeddable":true,"href":"https:\/\/opdrhakanaydogan.com\/tr\/wp-json\/wp\/v2\/users\/1"}],"replies":[{"embeddable":true,"href":"https:\/\/opdrhakanaydogan.com\/tr\/wp-json\/wp\/v2\/comments?post=85"}],"version-history":[{"count":0,"href":"https:\/\/opdrhakanaydogan.com\/tr\/wp-json\/wp\/v2\/pages\/85\/revisions"}],"wp:featuredmedia":[{"embeddable":true,"href":"https:\/\/opdrhakanaydogan.com\/tr\/wp-json\/wp\/v2\/media\/1184"}],"wp:attachment":[{"href":"https:\/\/opdrhakanaydogan.com\/tr\/wp-json\/wp\/v2\/media?parent=85"}],"curies":[{"name":"wp","href":"https:\/\/api.w.org\/{rel}","templated":true}]}}