{"id":809,"date":"2021-07-28T18:21:25","date_gmt":"2021-07-28T18:21:25","guid":{"rendered":"https:\/\/www.ozgukeskinyilmaz.com\/?page_id=809"},"modified":"2022-08-05T17:37:32","modified_gmt":"2022-08-05T14:37:32","slug":"vajinal-daraltma","status":"publish","type":"page","link":"https:\/\/opdrhakanaydogan.com\/tr\/vajinal-daraltma\/","title":{"rendered":"Vajinal Daraltma"},"content":{"rendered":"\n<p><strong>Vajinoplasti<\/strong>, vajina dedi\u011fimiz do\u011fum yolunun ya da ili\u015fkiye girilen yerin, organ\u0131n d\u00fczeltici, estetik ya da fonksiyonel i\u015flev i\u00e7in yap\u0131lan operasyonuna verilen isimdir. Vajinal daraltma ile ayn\u0131 anlamda kullan\u0131l\u0131r.<\/p>\n\n\n\n<h4 class=\"wp-block-heading\">Vajinoplasti (Vajinal Daraltma) Nedir?<\/h4>\n\n\n\n<p><strong>Vajinoplasti\u00a0<\/strong>(<strong>Vajinal Daraltma<\/strong>), vajina dedi\u011fimiz do\u011fum yolunun ya da ili\u015fkiye girilen yerin, organ\u0131n d\u00fczeltici, estetik ya da fonksiyonel i\u015flev i\u00e7in yap\u0131lan operasyonuna verilen isimdir.\u00a0<strong>Vajinal Daraltma<\/strong>\u00a0ile ayn\u0131 anlamda kullan\u0131l\u0131r. Do\u011fum yolu, ili\u015fkiye girilen yer yani vajina, \u00a0esneyebilen, geni\u015fleyebilen do\u011fum esnas\u0131nda ortalama 3 kiloluk bebe\u011fin \u00e7\u0131kt\u0131\u011f\u0131 bir kanald\u0131r. Vajina esnekli\u011fi bir\u00e7ok fakt\u00f6rden olumsuz etkilenir. Bunlar ya\u015f, menopoz, birden fazla do\u011fum, \u00f6strojen dedi\u011fimiz kad\u0131nl\u0131k hormonunun d\u00fczensiz \u00e7al\u0131\u015fmas\u0131, ge\u00e7irilmi\u015f enfeksiyonlar, sigara gibi etkenler do\u011fum yolu \u00fczerine etkilidir. Bu olumsuz fakt\u00f6rlere ba\u011fl\u0131 olarak vajina elastik yap\u0131s\u0131n\u0131 kaybeder. Belirgin bir geni\u015fleme, potluk meydana gelir. Bundan dolay\u0131 ili\u015fkide tatminsizlik, geni\u015flik hissi, ses gelmesi gibi \u015fikayetler olur.<\/p>\n\n\n\n<ul class=\"wp-block-list\"><li>Vajina normal do\u011fumla, sigarayla, ge\u00e7irilmi\u015f enfeksiyonlar, ki\u015finin elastik (kollajen)doku zay\u0131fl\u0131\u011f\u0131, k\u00f6t\u00fc beslenme, hormonal de\u011fi\u015fiklikler, erken menopoz, menopoz, sistemik hastal\u0131klara ba\u011fl\u0131 olarak do\u011fal esneyebilen, geni\u015fleyebilen, gerekti\u011finde saran (kas\u0131lan) yap\u0131s\u0131n\u0131 kaybeder.<\/li><li>Bu kayba ba\u011fl\u0131 olarak hastada ele gelen sarkma, idrar ka\u00e7\u0131rma, cinsel ili\u015fki esnas\u0131nda kayganl\u0131k kayb\u0131, cinsel ili\u015fkide a\u011fr\u0131, orgazm olamama, cinsel ili\u015fki s\u0131ras\u0131nda ses gelmesi gibi bir\u00e7ok fonksiyonel rahats\u0131zl\u0131k meydana gelir. Bu fonksiyonel bozukluklar ve estetik a\u00e7\u0131dan k\u00f6t\u00fc g\u00f6r\u00fcn\u00fcm\u00fc gidermek amac\u0131yla hastalar\u00a0<strong>Vajinoplasti<\/strong>\u00a0(Vajinal Daraltma)\u2019ya ihtiya\u00e7 duyar.<\/li><\/ul>\n\n\n\n<ul class=\"wp-block-list\"><li><strong>Vajina Daraltma\u00a0<\/strong>(Vajinoplasti) tipi muayene esnas\u0131nda, vajinan\u0131n fonksiyon kayb\u0131 ve estetik de\u011ferlendirmeye g\u00f6re karar verilir. Bu i\u015fleme karar verirken hastan\u0131n idrar kesesinde, do\u011fum kanal\u0131n\u0131n arka k\u0131sm\u0131nda sarkma olup olmad\u0131\u011f\u0131, idrar ka\u00e7\u0131rma durumu ve hastan\u0131n as\u0131l \u015fikayeti baz al\u0131narak\u00a0<strong>Vajinal Daraltma<\/strong>\u00a0(Vajinoplasti) tipine karar verilir.<\/li><li><strong>Vajinal Daraltma<\/strong>\u00a0(Vajinoplasti) uygulamas\u0131 esas olarak iki tipe ayr\u0131l\u0131r. Birincisi cerrahi, ikincisi lazer ile daraltmad\u0131r. Lazer ile hafif ve orta \u015fiddetteki geni\u015flemeler tedavi edilir. Cerrahi operasyon ise daha \u00e7ok a\u011f\u0131r tiplere uygulan\u0131r. Cerrahi bir kez yap\u0131labilirken, lazer ile tekrar tekrar yap\u0131labilir. Cerrahi sonras\u0131nda da ekstra darl\u0131k isteyen hastalara lazer i\u015flemi de eklenebilir. Uygulama i\u00e7in adet bitimi en uygun zamand\u0131r. \u00c7\u00fcnk\u00fc bu d\u00f6nem kad\u0131nl\u0131k hormonunun en y\u00fcksek ve iyile\u015fme s\u00fcrecinin en iyi oldu\u011fu d\u00f6nemdir. Bu t\u00fcr uygulamalar riski \u00e7ok d\u00fc\u015f\u00fck olan operasyonlard\u0131r. Hastan\u0131n sosyal ya\u015fant\u0131s\u0131nda bir k\u0131s\u0131tlama yaratmaz.<\/li><\/ul>\n\n\n\n<p><strong>Vajinal daraltma<\/strong>&nbsp;uygulamas\u0131nda cerrahi operasyon sonras\u0131 hijyene \u00e7ok dikkat etmek gerekir.<\/p>\n\n\n\n<p>Ayakta du\u015f \u015feklinde banyo yap\u0131labilir. Cinsel ili\u015fkiye 40 g\u00fcn girilmemelidir. Tam bir iyile\u015fme 40 g\u00fcn\u00fcn sonunda olur. 40 g\u00fcn\u00fcn sonunda mutlaka doktor kontrol\u00fc i\u00e7in doktora gidilmelidir.<\/p>\n\n\n\n<p>Verilen antibiyotik ve a\u011fr\u0131 kesiciler d\u00fczenli kullan\u0131lmal\u0131d\u0131r.<\/p>\n\n\n\n<p>Genel olarak pansumana gerek yoktur.<\/p>\n\n\n\n<p>Pamuklu i\u00e7 \u00e7ama\u015f\u0131r\u0131 giymek gerekir. G\u00fcnl\u00fck ped kullan\u0131lmamal\u0131d\u0131r.<\/p>\n\n\n\n<p>S\u0131z\u0131nt\u0131 \u015feklinde hafif sulu bir ak\u0131nt\u0131 yakla\u015f\u0131k 3 hafta s\u00fcresince gelebilir, normaldir. K\u00f6t\u00fc kokulu ak\u0131nt\u0131, ka\u015f\u0131nt\u0131, ate\u015f oldu\u011funda mutlaka hekime ba\u015fvurulmal\u0131d\u0131r.<\/p>\n\n\n\n<p>Lazer ile yap\u0131lan daraltma sonras\u0131 \u00fc\u00e7 g\u00fcn hafif sulu pembemsi bir ak\u0131nt\u0131 olabilir. Du\u015f almakta s\u0131k\u0131nt\u0131 yoktur. Hasta hemen normal hayat\u0131na devam edebilir.<\/p>\n\n\n\n<p>\u0130zmir Vajinoplasti Operasyonu Fiyatlar\u0131?<br>Operasyon fiyatlar\u0131 hastan\u0131n muayenesindeki geni\u015flik, sarkma durumuna g\u00f6re operasyonun tipi de\u011fi\u015fece\u011fi i\u00e7in fiyat da de\u011fi\u015fir.<\/p>\n\n\n\n<p>Cerrahi operasyonda tek bir fiyatland\u0131rma s\u00f6z konusudur, bir kez \u00fccret al\u0131n\u0131r.<\/p>\n\n\n\n<p>Lazer ile yap\u0131lan i\u015flemde seans ba\u015f\u0131na bir \u00fccretlendirme yap\u0131l\u0131r. Her seansta \u00fccret al\u0131n\u0131r.<\/p>\n\n\n\n<p><strong>Vajina Esteti\u011fi Neden \u00d6nemlidir?<br><\/strong>Vajina esteti\u011fi Vajina Daraltma hem g\u00f6rsel hem fonksiyonel hem de psikolojik a\u00e7\u0131dan \u00f6nemlidir. Do\u011fum yolu esteti\u011fi d\u0131\u015ftan g\u00f6rsel a\u00e7\u0131dan \u00f6nemli olsa da as\u0131l \u00f6nemli k\u0131sm\u0131 fonksiyonel a\u00e7\u0131dan olmas\u0131d\u0131r. Esteti\u011fe ba\u011fl\u0131 olarak vajinada bir gen\u00e7le\u015fme, s\u0131k\u0131la\u015fma, daralma ve bunun yan\u0131nda idrar ka\u00e7\u0131rma gibi durumlarda da faydas\u0131 olur. \u0130drar ka\u00e7\u0131rma y\u00fczde 80 oran\u0131nda azal\u0131r. Cinsel tatminde daralmaya ba\u011fl\u0131 belirgin bir art\u0131\u015f olur vajenden ses gelmesi belirgin bi\u00e7imde azal\u0131r.<\/p>\n\n\n\n<p>Hasta psikolojik a\u00e7\u0131dan bir \u00f6zg\u00fcvene kavu\u015fur. Sosyal a\u00e7\u0131dan rahatlar.<\/p>\n\n\n\n<p><strong>Vajinada Sarkma Nas\u0131l Olur, Belirtileri Nelerdir?<br><\/strong>Vajinadaki sarkma normal do\u011fum, sigara, ge\u00e7irilmi\u015f enfeksiyonlar, ki\u015finin elastik (kollajen) doku zay\u0131fl\u0131\u011f\u0131, k\u00f6t\u00fc beslenme, hormonal de\u011fi\u015fiklikler, erken menopoz, menopoz, sistemik hastal\u0131klara ba\u011fl\u0131 olarak geli\u015fir.<\/p>\n\n\n\n<p>Hastada ele gelen kitle, k\u00fc\u00e7\u00fck tuvaletini tam yapamama, idrar ka\u00e7\u0131rma, cinsel tatminsizlik gibi \u015fikayetler olur. Bu sarkma tedavisinde sarkman\u0131n derecesine g\u00f6re hafif ve orta sarkmalar lazer ile a\u011f\u0131r olanlar ise operasyon ile tedavi edilir.<\/p>\n\n\n\n<p><strong>Vajinal Daraltma Sonras\u0131 Tekrar Geni\u015fleme Olur Mu?<br><\/strong>\u0130zmir Vajina daraltma lazer veya cerrahi ile yap\u0131ld\u0131ktan sonra 2 y\u0131l i\u00e7erisinde tekrar geni\u015flik hissi ve geni\u015fleme olabilir.<\/p>\n\n\n\n<p>Geni\u015fleme oldu\u011fu takdirde tekrar ameliyat edilmez. Sadece lazer dozu tekrarlan\u0131r ve tekrar daralma, gen\u00e7le\u015fme meydana gelir.<\/p>\n\n\n\n<p>Vajina daraltma \u0130zmir\u2019de yapt\u0131rmak i\u00e7in \u0130zmir genital estetik klini\u011fimize ba\u015fvurabilirsiniz.<\/p>\n\n\n\n<p><strong>Vajinal Daraltma Sonras\u0131 Normal Do\u011fum Yap\u0131labilir Mi?<br><\/strong>Vajina Daraltma \u0130zmir lazer ile yap\u0131ld\u0131ysa normal do\u011fum olabilir. Fakat ameliyat ile daraltma i\u015flemi yap\u0131ld\u0131ysa do\u011fum \u00f6nerilmez.<\/p>\n\n\n\n<p>Ameliyat ile daraltma yap\u0131lan hastalarda normal do\u011fum risklidir ve do\u011fum yolunun estetik yap\u0131s\u0131n\u0131 bozar, doku kayb\u0131na neden olur.<\/p>\n\n\n\n<p><strong>Vajinal Daraltma Sonras\u0131 Diki\u015fler Al\u0131n\u0131r M\u0131?<br><\/strong>Vajina Daraltma -Vajinoplasti\u2013 operasyonunda diki\u015fler al\u0131nmaz, diki\u015fler kendili\u011finden erir.<\/p>\n\n\n\n<p><strong>Vajinal daraltma sonras\u0131 diki\u015fler d\u0131\u015far\u0131dan g\u00f6r\u00fcn\u00fcr m\u00fc?<br><\/strong>\u0130zmir Vajina Daraltma operasyonunda 2 ya da 3 diki\u015f d\u0131\u015far\u0131dan g\u00f6z\u00fckebilir. 2 hafta i\u00e7erisinde tamamen diki\u015fler eriyip g\u00f6z\u00fckmez hale gelir.<\/p>\n\n\n\n<p><strong>Vajinal Daraltma Sonras\u0131 \u0130z Kal\u0131r M\u0131?<br><\/strong>Vajina daraltma operasyonunda kesinlikle iz kalmaz. Estetik a\u00e7\u0131dan \u00e7ok iyi sonu\u00e7lar\u0131 vard\u0131r.<\/p>\n\n\n\n<p><strong>Vajinal Daraltma Sonras\u0131 Kanama Olur Mu?<br><\/strong>Vajina Daralma sonras\u0131 lazer ile kanamadan ziyade hafif pembemsi sulu bir ak\u0131nt\u0131 olur.3 g\u00fcn sonras\u0131nda geriler. Ameliyat sonras\u0131 lekelenme \u015feklinde bir kanama bir hafta s\u00fcreyle olur biter.<\/p>\n\n\n\n<p><strong>Vajinal Daraltma Sonras\u0131 A\u011fr\u0131 Olur Mu?<br><\/strong>Vajina daraltma lazer ile yap\u0131l\u0131rsa a\u011fr\u0131 olmaz. Ameliyat ile yap\u0131l\u0131rsa bir hafta s\u00fcreyle s\u0131zlama tarz\u0131nda hafif a\u011fr\u0131 g\u00f6zlenir.<\/p>\n\n\n\n<p><strong>Vajinal Daraltman\u0131n Riskleri Nelerdir?<br><\/strong>\u0130zmir\u2019de Vajina Daraltma uygulamas\u0131nda belirgin bir risk \u00f6zellikle yoktur. Operasyon ile yap\u0131l\u0131rsa \u00e7ok nadirde olsa enfeksiyon ve min\u00f6r kanama g\u00f6zlenebilir.<\/p>\n\n\n\n<p><strong>Lazer ile Vajina Daraltma<\/strong><\/p>\n\n\n\n<p>Vajina, normal do\u011fumla, sigara, ge\u00e7irilmi\u015f enfeksiyonlar, ki\u015finin elastik (kolajen) doku zay\u0131fl\u0131\u011f\u0131, k\u00f6t\u00fc beslenme, hormonal de\u011fi\u015fiklikler, erken menopoz, menopoz, sistemik hastal\u0131klara ba\u011fl\u0131 olarak do\u011fal esneyebilen, geni\u015fleyebilen, gerekti\u011finde saran (kas\u0131lan) yap\u0131s\u0131n\u0131 kaybeder. Bu kayba ba\u011fl\u0131 olarak vajina cinsel ili\u015fki esnas\u0131nda a\u011fr\u0131, cinsel tatminsizlik, idrar ka\u00e7\u0131rma, vajinadan ses gelmesi, geni\u015flik hissi gibi \u015fikayetlere yol a\u00e7ar.<\/p>\n\n\n\n<p>Lazer vajen dokusunda bir yenilenmeye gen\u00e7le\u015fmeye yol a\u00e7ar. Yo\u011funla\u015ft\u0131r\u0131lm\u0131\u015f termal \u0131s\u0131 ba\u011f dokusunda y\u00fczeysel bir hasar olu\u015fturmakta, bu hasarda yeni bir ba\u011f dokusu olu\u015fumunu sa\u011flamaktad\u0131r. Bu ba\u011f dokusunda s\u0131k\u0131la\u015fmay\u0131 ve gen\u00e7le\u015ftirmeyi sa\u011flayan kolajen ve elastik liflerde bir art\u0131\u015f meydana gelmektedir. Bu art\u0131\u015f\u0131n sonucu olarak hastada \u00f6ncelikle psikolojik olarak \u00f6zg\u00fcvende bir art\u0131\u015f meydana gelmektedir.<\/p>\n\n\n\n<p>Hasta vajinas\u0131ndaki lif art\u0131\u015f\u0131na ba\u011fl\u0131 olarak da cinsel istek ve tatmine art\u0131\u015f, idrar ka\u00e7\u0131rmada azalma, vajende gelen seslerin kayb\u0131, kayganl\u0131kta art\u0131\u015f meydana gelmektedir. Bu ba\u011flamda normal yenilenmi\u015f bir vajen olu\u015fumu s\u00f6z konusudur.<\/p>\n\n\n\n<p>Lazer ile daraltma i\u015fleminde sadece vajina giri\u015fine a\u011fr\u0131 kesici merhemler s\u00fcr\u00fcl\u00fcr. Bunun d\u0131\u015f\u0131nda herhangi bir a\u011fr\u0131 kesici ya da anesteziye gerek yoktur.<\/p>\n\n\n\n<p>Yakla\u015f\u0131k 15 cm\u2019lik bir ba\u015fl\u0131k ile vajina i\u00e7erisine lazer uygulan\u0131r. Bu uygulama sonucu vajen dokusu yakla\u015f\u0131k birka\u00e7 seansta 6 hafta arayla yap\u0131lan uygulama sonucu yenilenir. Bu yenilenmeye ba\u011fl\u0131 olarak bir daralma, cinsel tatmin ve idrar ka\u00e7\u0131rma varsa idrar\u0131n\u0131 tutabilme i\u015flevine kavu\u015fur. Hastadan hastaya de\u011fi\u015fmekle beraber 6 hafta arayla maksimum 6 seans yap\u0131l\u0131r. 2 y\u0131l ara ile doz tekrar\u0131 yap\u0131l\u0131r.<\/p>\n","protected":false},"excerpt":{"rendered":"<p>Vajinoplasti, vajina dedi\u011fimiz do\u011fum yolunun ya da ili\u015fkiye girilen yerin, organ\u0131n d\u00fczeltici, estetik ya da fonksiyonel i\u015flev i\u00e7in yap\u0131lan operasyonuna verilen isimdir. Vajinal daraltma ile ayn\u0131 anlamda kullan\u0131l\u0131r. Vajinoplasti (Vajinal Daraltma) Nedir? Vajinoplasti\u00a0(Vajinal Daraltma), vajina dedi\u011fimiz do\u011fum yolunun ya da ili\u015fkiye girilen yerin, organ\u0131n d\u00fczeltici, estetik ya da fonksiyonel i\u015flev i\u00e7in yap\u0131lan operasyonuna verilen isimdir.\u00a0Vajinal [&hellip;]<\/p>\n","protected":false},"author":1,"featured_media":1196,"parent":0,"menu_order":0,"comment_status":"closed","ping_status":"closed","template":"","meta":{"_acf_changed":false,"inline_featured_image":false,"footnotes":""},"class_list":["post-809","page","type-page","status-publish","has-post-thumbnail","hentry"],"acf":[],"_links":{"self":[{"href":"https:\/\/opdrhakanaydogan.com\/tr\/wp-json\/wp\/v2\/pages\/809","targetHints":{"allow":["GET"]}}],"collection":[{"href":"https:\/\/opdrhakanaydogan.com\/tr\/wp-json\/wp\/v2\/pages"}],"about":[{"href":"https:\/\/opdrhakanaydogan.com\/tr\/wp-json\/wp\/v2\/types\/page"}],"author":[{"embeddable":true,"href":"https:\/\/opdrhakanaydogan.com\/tr\/wp-json\/wp\/v2\/users\/1"}],"replies":[{"embeddable":true,"href":"https:\/\/opdrhakanaydogan.com\/tr\/wp-json\/wp\/v2\/comments?post=809"}],"version-history":[{"count":0,"href":"https:\/\/opdrhakanaydogan.com\/tr\/wp-json\/wp\/v2\/pages\/809\/revisions"}],"wp:featuredmedia":[{"embeddable":true,"href":"https:\/\/opdrhakanaydogan.com\/tr\/wp-json\/wp\/v2\/media\/1196"}],"wp:attachment":[{"href":"https:\/\/opdrhakanaydogan.com\/tr\/wp-json\/wp\/v2\/media?parent=809"}],"curies":[{"name":"wp","href":"https:\/\/api.w.org\/{rel}","templated":true}]}}