{"id":80,"date":"2022-08-05T13:19:53","date_gmt":"2022-08-05T10:19:53","guid":{"rendered":"http:\/\/www.kadindogumestetik.com\/?page_id=80"},"modified":"2022-08-05T17:44:59","modified_gmt":"2022-08-05T14:44:59","slug":"burun-estetigi","status":"publish","type":"page","link":"https:\/\/opdrhakanaydogan.com\/tr\/burun-estetigi\/","title":{"rendered":"Burun Esteti\u011fi"},"content":{"rendered":"\n<p>En \u00e7ok talep g\u00f6ren estetik i\u015flemin burun esteti\u011fi oldu\u011funu s\u00f6yleyebiliriz. Profesyonel \u015fekilde ger\u00e7ekle\u015fen estetik operasyon olmas\u0131 \u00f6nemlidir.<\/p>\n\n\n\n<p>Hem istenen g\u00f6r\u00fcn\u00fcm\u00fcn elde edilmesi hem de i\u015flevselli\u011fin korunmas\u0131&nbsp;<strong>burun esteti\u011fi&nbsp;<\/strong>ameliyatlar\u0131ndan beklenir. Alan\u0131nda uzman olan doktorlar taraf\u0131ndan i\u015flemlerin kolayca ger\u00e7ekle\u015fmesi sa\u011flanabilir.<\/p>\n\n\n\n<p><strong>Burun Esteti\u011fi Nas\u0131l Yap\u0131l\u0131r?<\/strong><\/p>\n\n\n\n<p>Burun esteti\u011finin ne \u015fekilde yap\u0131ld\u0131\u011f\u0131 \u00f6nemlidir. S\u0131k\u00e7a sorulan burun esteti\u011fi nas\u0131l yap\u0131l\u0131r sorusu, kullan\u0131lan y\u00f6nteme g\u00f6re uygulama de\u011fi\u015fecektir \u015feklinde cevaplanabilir. Direkt oalrak k\u0131k\u0131rdakta, burun kemi\u011finde, burun ucunda estetik operasyon ger\u00e7ekle\u015febilir. Bu uygulamalara g\u00f6re de doktorun nas\u0131l bir yol izleyecek oldu\u011fu belirlenecektir.<\/p>\n\n\n\n<p>Doktorunuz muayene eder. Ard\u0131ndan sizin y\u00fcz\u00fcn\u00fcz i\u00e7in uygun olan burnun nas\u0131l bi\u00e7imi oldu\u011funa karar verilir. Bu a\u015famada doktorunuzla fikrinizi payla\u015fman\u0131z m\u00fcmk\u00fcnd\u00fcr. Ard\u0131ndan ameliyat yap\u0131lacakt\u0131r.<\/p>\n\n\n\n<p><strong>Lokal Anestezi \u2013 Genel Anestezi;<\/strong><\/p>\n\n\n\n<p>Hangi anestezik y\u00f6ntemin uygulanaca\u011f\u0131n\u0131 da birlikte belirleyebilirsiniz. \u00c7o\u011fu zaman lokal anestezi ile burun ameliyat\u0131n\u0131n ger\u00e7ekle\u015fmesi m\u00fcmk\u00fcnd\u00fcr. Hi\u00e7bir \u015fey hissetmeden burnunuzun y\u00fcz\u00fcn\u00fcze uygun \u015fekilde bi\u00e7imlendirilmesi sa\u011flanacakt\u0131r.<\/p>\n\n\n\n<p><strong>Burun esteti\u011fi\u00a0<\/strong>sonras\u0131nda burnun istenen g\u00f6r\u00fcn\u00fcme kavu\u015fmas\u0131 m\u00fcmk\u00fcnd\u00fcr. Ama\u00e7 ayn\u0131 zamanda ki\u015finin nefes al\u0131p vermesini sa\u011flamak da olabilir. Baz\u0131 durumlarda estetik operasyon sonras\u0131nda, tamamlay\u0131c\u0131 i\u015flem gerekebilir. Nefes alman\u0131z\u0131n zorla\u015fmas\u0131 durumunda, ikinci bir operasyon ile bu durum ortadan kald\u0131r\u0131l\u0131r.<\/p>\n\n\n\n<p><br>Estetik operasyonun ger\u00e7ekle\u015fmesinin ard\u0131ndan, tamponlar ile ameliyattan \u00e7\u0131kacaks\u0131n\u0131z. Tamponlar kanaman\u0131n durdurulmas\u0131n\u0131 sa\u011flamaktad\u0131r. Belli bir s\u00fcre\u00a0<strong>burun esteti\u011fi\u00a0<\/strong>sonras\u0131nda tamponlar\u0131n durmas\u0131 gerekecek. Doktorunuzun yapt\u0131\u011f\u0131 muayene sonras\u0131nda, tamponlar\u0131n doktor kontrol\u00fc ile \u00e7\u0131kart\u0131lmas\u0131 s\u00f6z konusudur.<\/p>\n\n\n\n<p><strong>Slikon tamponlar;<\/strong><\/p>\n\n\n\n<p>\u00d6nceden hastalar\u0131 korkutan tamponlar, silikon tamponlar ile korkuyu ortadan kald\u0131rm\u0131\u015ft\u0131r. Kolay \u015fekilde tamponlar\u0131n \u00e7\u0131kar\u0131lmas\u0131 sa\u011fland\u0131\u011f\u0131ndan, sorun ya\u015famadan tamponlar\u0131n \u00e7\u0131kar\u0131lmas\u0131 m\u00fcmk\u00fcn oluyor.<\/p>\n\n\n\n<p>Estetik sonras\u0131 bir s\u00fcre burnunuzu darbelerden koruman\u0131z gerekiyor. Bunu bilerek hareket etmeniz durumunda iyile\u015fme s\u00fcrecinin de h\u0131zlanmas\u0131n\u0131 sa\u011flayacaks\u0131n\u0131z.<\/p>\n\n\n\n<p>Yap\u0131lan uygulamaya g\u00f6re ne kadar zaman i\u00e7inde iyile\u015fme sa\u011flanaca\u011f\u0131 de\u011fi\u015febilir. Ki\u015fiye yap\u0131lan m\u00fcdahale k\u0131k\u0131rda\u011fa olduysa, iyile\u015fme daha h\u0131zl\u0131 olabilir. Kemi\u011fe yap\u0131lan m\u00fcdahalelerin \u00e7ok daha uzun s\u00fcreli iyile\u015fmeler gerektirdi\u011fini bilmelisiniz. Bunlara dikkat ederek, direkt olarak iyile\u015fme hakk\u0131nda bilgi alabilirsiniz.<\/p>\n\n\n\n<p>Doktorunuzun \u00f6nerilerini dikkate alman\u0131z durumunda ise iyile\u015fmenin h\u0131zla olaca\u011f\u0131n\u0131 g\u00f6receksiniz. \u00c7ok fazla s\u0131ca\u011fa \u2013 so\u011fu\u011fa \u00e7\u0131kmamaya dikkat edilmesi halinde, iyile\u015fmenin k\u0131sa s\u00fcrede ger\u00e7ekle\u015fmesi sa\u011flanacakt\u0131r.&nbsp;<strong>Burun esteti\u011fi&nbsp;<\/strong>i\u00e7in nas\u0131l bir operasyon ger\u00e7ekle\u015fecek oldu\u011funu \u00f6\u011frenerek, sizin i\u00e7in uygun olan y\u00f6ntem ile estetik yapt\u0131rabilirsiniz. Uygun olan burun doktorunuz taraf\u0131ndan profesyonel \u015fekilde belirlenmeli ve sizin fikriniz al\u0131nmal\u0131d\u0131r. Randevu alabilirsiniz.<\/p>\n","protected":false},"excerpt":{"rendered":"<p>En \u00e7ok talep g\u00f6ren estetik i\u015flemin burun esteti\u011fi oldu\u011funu s\u00f6yleyebiliriz. Profesyonel \u015fekilde ger\u00e7ekle\u015fen estetik operasyon olmas\u0131 \u00f6nemlidir. Hem istenen g\u00f6r\u00fcn\u00fcm\u00fcn elde edilmesi hem de i\u015flevselli\u011fin korunmas\u0131&nbsp;burun esteti\u011fi&nbsp;ameliyatlar\u0131ndan beklenir. Alan\u0131nda uzman olan doktorlar taraf\u0131ndan i\u015flemlerin kolayca ger\u00e7ekle\u015fmesi sa\u011flanabilir. Burun Esteti\u011fi Nas\u0131l Yap\u0131l\u0131r? Burun esteti\u011finin ne \u015fekilde yap\u0131ld\u0131\u011f\u0131 \u00f6nemlidir. S\u0131k\u00e7a sorulan burun esteti\u011fi nas\u0131l yap\u0131l\u0131r sorusu, kullan\u0131lan [&hellip;]<\/p>\n","protected":false},"author":1,"featured_media":1209,"parent":0,"menu_order":0,"comment_status":"closed","ping_status":"closed","template":"","meta":{"_acf_changed":false,"inline_featured_image":false,"footnotes":""},"class_list":["post-80","page","type-page","status-publish","has-post-thumbnail","hentry"],"acf":[],"_links":{"self":[{"href":"https:\/\/opdrhakanaydogan.com\/tr\/wp-json\/wp\/v2\/pages\/80","targetHints":{"allow":["GET"]}}],"collection":[{"href":"https:\/\/opdrhakanaydogan.com\/tr\/wp-json\/wp\/v2\/pages"}],"about":[{"href":"https:\/\/opdrhakanaydogan.com\/tr\/wp-json\/wp\/v2\/types\/page"}],"author":[{"embeddable":true,"href":"https:\/\/opdrhakanaydogan.com\/tr\/wp-json\/wp\/v2\/users\/1"}],"replies":[{"embeddable":true,"href":"https:\/\/opdrhakanaydogan.com\/tr\/wp-json\/wp\/v2\/comments?post=80"}],"version-history":[{"count":0,"href":"https:\/\/opdrhakanaydogan.com\/tr\/wp-json\/wp\/v2\/pages\/80\/revisions"}],"wp:featuredmedia":[{"embeddable":true,"href":"https:\/\/opdrhakanaydogan.com\/tr\/wp-json\/wp\/v2\/media\/1209"}],"wp:attachment":[{"href":"https:\/\/opdrhakanaydogan.com\/tr\/wp-json\/wp\/v2\/media?parent=80"}],"curies":[{"name":"wp","href":"https:\/\/api.w.org\/{rel}","templated":true}]}}