{"id":78,"date":"2022-08-05T13:26:56","date_gmt":"2022-08-05T10:26:56","guid":{"rendered":"http:\/\/www.kadindogumestetik.com\/?page_id=78"},"modified":"2022-08-05T17:28:12","modified_gmt":"2022-08-05T14:28:12","slug":"meme-buyutme","status":"publish","type":"page","link":"https:\/\/opdrhakanaydogan.com\/tr\/meme-buyutme\/","title":{"rendered":"Meme B\u00fcy\u00fctme"},"content":{"rendered":"\n<p>G\u00f6\u011f\u00fcslerinin k\u00fc\u00e7\u00fck olmas\u0131ndan \u015fikayet eden kad\u0131nlar b\u00fcy\u00fctme i\u00e7in klini\u011fimize ba\u015fvuru yapabilmektedir. &nbsp;Operasyonla \u00e7\u00f6z\u00fcm al\u0131nabilir.<\/p>\n\n\n\n<h4 class=\"wp-block-heading\">Meme B\u00fcy\u00fctme&nbsp;\u0130\u015flemi<\/h4>\n\n\n\n<p>Genel bir tan\u0131m yapmak gerekirse&nbsp;<strong>g\u00f6g\u00fcs b\u00fcy\u00fctme&nbsp;<\/strong>&nbsp;k\u00fc\u00e7\u00fck boydaki g\u00f6\u011f\u00fcslerin, protezler ya da ya\u011f enjeksiyonu yaparak daha b\u00fcy\u00fck&nbsp; g\u00f6r\u00fcnmesini sa\u011flayan bir operasyon i\u015flemidir. Bu ameliyat\u0131n temel amac\u0131 esetik kayg\u0131lard\u0131r. Klini\u011fimizde, hacmen k\u00fc\u00e7\u00fck g\u00f6\u011f\u00fcslere etkili \u00e7\u00f6z\u00fcmler sunmaktay\u0131z.<\/p>\n\n\n\n<p>G\u00f6g\u00fcs b\u00fcy\u00fctme &nbsp;operasyonu \u00f6ncesinde ba\u015fvuru yapan hasta, gerekli tetkiklerden ge\u00e7irilir ve daha sonra&nbsp; ameliyat ba\u015flat\u0131l\u0131r. Silikon ameliyat\u0131 ortalama 1 saat s\u00fcren bir i\u015flemdir.&nbsp; Genellikle ameliyat\u0131n oldu\u011fu g\u00fcn ya da bazen di\u011fer g\u00fcne sarkan \u015fekilde hastalar taburcu edilir. Ancak evde istirahate \u00f6nem verilmelidir.<\/p>\n\n\n\n<ul class=\"wp-block-list\"><li>Protez g\u00f6\u011f\u00fcs, kas arkas\u0131na ya da \u00f6n\u00fcne konmas\u0131 haline g\u00f6re de\u011fi\u015fen bi\u00e7imde baz\u0131 yan etkiler yapabilir. Fakat \u00e7o\u011fu zaman a\u011fr\u0131 hissi olmaz, sadece dolgunluk hissi bir miktar rahats\u0131z edici olabilir. Ameliyat yerinde bir miktar \u015fi\u015flik olmas\u0131 da normaldir ve bu 3 g\u00fcne kadar ge\u00e7er. \u00d6dem atma s\u00fcreci olarak da bilinen bu s\u00fcre\u00e7 3 g\u00fcnden sonra tamamen azal\u0131r. \u015ei\u015flik gittik\u00e7e, kol ve g\u00f6vdede rahatlama olacakt\u0131r. Bir ay boyunca sporcu s\u00fctyeni kullan\u0131lmas\u0131 gerekir. bunun nedeni hem \u015fekillendirme yap\u0131lmas\u0131 hem de&nbsp; pansuman korunmas\u0131d\u0131r.<\/li><li>Meme protezi yapt\u0131ran bir ki\u015fi ameliattan sonra \u00fc\u00e7 hafta boyunca \u00e7ok hareketli aktivitelerden uzak durmal\u0131d\u0131r. Bir aydan sonra yava\u015f \u015fekilde hareket art\u0131r\u0131lmal\u0131d\u0131r. \u00d6zellikle kol b\u00f6lgesini zorlayacak, tenis, voleybol, basketbol gibi sporlardan uzak durmak gerekir. Ayr\u0131ca 2 -3 aya kadar sauna, solaryum gibi i\u015flemlerden de ka\u00e7\u0131nmak gerekmektedir. Klini\u011fimizde sonraki s\u00fcrece dair ayr\u0131nt\u0131l\u0131 bilgi verilmektedir.<\/li><\/ul>\n\n\n\n<p><strong>Protez Ne Kadar S\u00fcre Kullan\u0131labilir?<\/strong><\/p>\n\n\n\n<p>Hastalar\u0131m\u0131z\u0131n merak etti\u011fi bir konu, g\u00f6g\u00fcs b\u00fcy\u00fctme &nbsp;ameliyat\u0131 ile yerle\u015ftirilen protezlerin ka\u00e7 sene kullan\u0131laca\u011f\u0131d\u0131r. Bu noktada \u00fcretici firma \u00f6m\u00fcrl\u00fck \u015fekilde protezleri klini\u011fimize vermektedir. Fakat baz\u0131 ek beklenmedik durumlarda 15-20 sene sonra de\u011fi\u015ftirilebilmektedir. Ya\u015flanma ve buna ba\u011fl\u0131 deri alt\u0131 dokular\u0131n gev\u015femesi protezli b\u00f6l\u00fcm\u00fcn g\u00f6r\u00fcnt\u00fcs\u00fcnde bozulmalara neden olabilir. B\u00f6yle durumlarda cerrahi m\u00fcdahale yap\u0131larak \u015fekli d\u00fczeltilmektedir.<\/p>\n\n\n\n<p><strong>Memesinde Protez Olan Anneler Emzirebilir Mi?<\/strong><\/p>\n\n\n\n<p>Anne olan ve&nbsp;<strong>g\u00f6g\u00fcs b\u00fcy\u00fctme&nbsp;ameliyat\u0131<\/strong>&nbsp;yapt\u0131ran kad\u0131nlar emzirme konusunda endi\u015felenebilmektedir.&nbsp;<strong>&nbsp;<\/strong>Ancak protez, meme dokusunun alt\u0131na yerle\u015ftirildi\u011fi i\u00e7in s\u00fct kanallar\u0131na ya da meme dokusunun kendisine zarar vermemektedir. Di\u011fer yandan silikonun s\u00fcte ge\u00e7mesi ile ilgili de bir\u00e7ok ara\u015ft\u0131rma yap\u0131lm\u0131\u015f ve marketlerdeki bebek mamalar\u0131nda yer alan silikonun, protezden ge\u00e7en silikondan daha fazla miktarda oldu\u011fu kan\u0131tlanm\u0131\u015ft\u0131r.<\/p>\n","protected":false},"excerpt":{"rendered":"<p>G\u00f6\u011f\u00fcslerinin k\u00fc\u00e7\u00fck olmas\u0131ndan \u015fikayet eden kad\u0131nlar b\u00fcy\u00fctme i\u00e7in klini\u011fimize ba\u015fvuru yapabilmektedir. &nbsp;Operasyonla \u00e7\u00f6z\u00fcm al\u0131nabilir. Meme B\u00fcy\u00fctme&nbsp;\u0130\u015flemi Genel bir tan\u0131m yapmak gerekirse&nbsp;g\u00f6g\u00fcs b\u00fcy\u00fctme&nbsp;&nbsp;k\u00fc\u00e7\u00fck boydaki g\u00f6\u011f\u00fcslerin, protezler ya da ya\u011f enjeksiyonu yaparak daha b\u00fcy\u00fck&nbsp; g\u00f6r\u00fcnmesini sa\u011flayan bir operasyon i\u015flemidir. Bu ameliyat\u0131n temel amac\u0131 esetik kayg\u0131lard\u0131r. Klini\u011fimizde, hacmen k\u00fc\u00e7\u00fck g\u00f6\u011f\u00fcslere etkili \u00e7\u00f6z\u00fcmler sunmaktay\u0131z. G\u00f6g\u00fcs b\u00fcy\u00fctme &nbsp;operasyonu \u00f6ncesinde ba\u015fvuru [&hellip;]<\/p>\n","protected":false},"author":1,"featured_media":1181,"parent":0,"menu_order":0,"comment_status":"closed","ping_status":"closed","template":"","meta":{"_acf_changed":false,"inline_featured_image":false,"footnotes":""},"class_list":["post-78","page","type-page","status-publish","has-post-thumbnail","hentry"],"acf":[],"_links":{"self":[{"href":"https:\/\/opdrhakanaydogan.com\/tr\/wp-json\/wp\/v2\/pages\/78","targetHints":{"allow":["GET"]}}],"collection":[{"href":"https:\/\/opdrhakanaydogan.com\/tr\/wp-json\/wp\/v2\/pages"}],"about":[{"href":"https:\/\/opdrhakanaydogan.com\/tr\/wp-json\/wp\/v2\/types\/page"}],"author":[{"embeddable":true,"href":"https:\/\/opdrhakanaydogan.com\/tr\/wp-json\/wp\/v2\/users\/1"}],"replies":[{"embeddable":true,"href":"https:\/\/opdrhakanaydogan.com\/tr\/wp-json\/wp\/v2\/comments?post=78"}],"version-history":[{"count":0,"href":"https:\/\/opdrhakanaydogan.com\/tr\/wp-json\/wp\/v2\/pages\/78\/revisions"}],"wp:featuredmedia":[{"embeddable":true,"href":"https:\/\/opdrhakanaydogan.com\/tr\/wp-json\/wp\/v2\/media\/1181"}],"wp:attachment":[{"href":"https:\/\/opdrhakanaydogan.com\/tr\/wp-json\/wp\/v2\/media?parent=78"}],"curies":[{"name":"wp","href":"https:\/\/api.w.org\/{rel}","templated":true}]}}