{"id":42,"date":"2017-10-05T18:13:37","date_gmt":"2017-10-05T18:13:37","guid":{"rendered":"http:\/\/www.kadindogumestetik.com\/?page_id=42"},"modified":"2022-08-05T17:53:34","modified_gmt":"2022-08-05T14:53:34","slug":"hakkimda","status":"publish","type":"page","link":"https:\/\/opdrhakanaydogan.com\/tr\/hakkimda\/","title":{"rendered":"Hakk\u0131mda"},"content":{"rendered":"\n<div class=\"wp-block-columns is-layout-flex wp-container-core-columns-is-layout-9d6595d7 wp-block-columns-is-layout-flex\">\n<div class=\"wp-block-column is-layout-flow wp-block-column-is-layout-flow\" style=\"flex-basis:33.33%\">\n<figure class=\"wp-block-image size-full\"><img fetchpriority=\"high\" decoding=\"async\" width=\"547\" height=\"821\" src=\"https:\/\/opdrhakanaydogan.com\/demo\/wp-content\/uploads\/2022\/08\/op-dr-hakan-aydogan.jpg\" alt=\"\" class=\"wp-image-1171\" srcset=\"https:\/\/opdrhakanaydogan.com\/tr\/wp-content\/uploads\/2022\/08\/op-dr-hakan-aydogan.jpg 547w, https:\/\/opdrhakanaydogan.com\/tr\/wp-content\/uploads\/2022\/08\/op-dr-hakan-aydogan-200x300.jpg 200w\" sizes=\"(max-width: 547px) 100vw, 547px\" \/><\/figure>\n<\/div>\n\n\n\n<div class=\"wp-block-column is-layout-flow wp-block-column-is-layout-flow\" style=\"flex-basis:66.66%\">\n<h2 class=\"wp-block-heading\"><strong>Op. Dr. Hakan Aydogan<\/strong><\/h2>\n\n\n\n<p><strong>E\u011fitim \u00d6\u011fretim;<\/strong><\/p>\n\n\n\n<ul class=\"wp-block-list\"><li>1988 Malatya Lisesi\u2019ni bitirdi.<\/li><li>1994, 13 Kas\u0131m tarihinde Ege \u00dcniversitesi T\u0131p Fak\u00fcltesi\u2019nden mezun oldu.<\/li><\/ul>\n\n\n\n<p><strong>Mezuniyet Sonras\u0131;<\/strong><\/p>\n\n\n\n<ul class=\"wp-block-list\"><li>1994, 22 Aral\u0131k tarihinde Burdur B\u00fcy\u00fckalan Sa\u011fl\u0131k Oca\u011f\u0131\u2019nda g\u00f6reve<\/li><li>1996, Malatya 1 nolu (\u00c7avu\u015fo\u011flu) Sa\u011fl\u0131k Oca\u011f\u0131na atand\u0131.<\/li><li>1998, 21-A\u011fustos tarihinde \u0130n\u00f6n\u00fc \u00dcniversitesi T\u0131p Fak\u00fcltesi Plastik ve Rekonstr\u00fcktif Cerrahi Klini\u011fi`ne asistan olarak ba\u015flad\u0131.<\/li><li>2000, 15 Eyl\u00fcl-15 Ekim Tarihleri aras\u0131nda Diyarbak\u0131r 16. Z\u0131rhl\u0131 Tugay\u0131\u2019nda bedelli olarak askerli\u011fini yapt\u0131.<\/li><li>2003, 5 Kas\u0131m 2003 tarihinde Plastik Rekonstr\u00fcktif ve Estetik Cerrahi Uzman\u0131 oldu. (Uzmanl\u0131k Tezi: Melatoninin S\u0131\u00e7an Dorsal Random Paternli Cilt Flebi Ya\u015fayabilirli\u011fi \u00dczerine Etkisi) Ayn\u0131 klinikte 17 ay uzman olarak \u00e7al\u0131\u015ft\u0131.<\/li><li>2005, 1 Mart 2005 tarihinde Malatya Devlet Hastanesi\u2019ne Uzman Olarak atand\u0131.<\/li><li>2006, 15 Kas\u0131m 2006 tarihinde memuriyetten istifa edip \u00d6zel G\u00f6zde Hastanesi\u2019nde \u00e7al\u0131\u015fmaya ba\u015flad\u0131<\/li><li>2012, 11 Temmuz 2012 tarihinde Malatya Devlet Hastanesine yeniden uzman olarak atand\u0131.<\/li><li>2013, 11 Haziran 2013 tarihinde tekrar memuriyetten istifa edip \u00d6zel G\u00f6zde Hastanesi\u2019nde \u00e7al\u0131\u015fmaya ba\u015flad\u0131.<\/li><\/ul>\n<\/div>\n<\/div>\n\n\n\n<p><\/p>\n","protected":false},"excerpt":{"rendered":"<p>Op. Dr. Hakan Aydogan E\u011fitim \u00d6\u011fretim; 1988 Malatya Lisesi\u2019ni bitirdi. 1994, 13 Kas\u0131m tarihinde Ege \u00dcniversitesi T\u0131p Fak\u00fcltesi\u2019nden mezun oldu. Mezuniyet Sonras\u0131; 1994, 22 Aral\u0131k tarihinde Burdur B\u00fcy\u00fckalan Sa\u011fl\u0131k Oca\u011f\u0131\u2019nda g\u00f6reve 1996, Malatya 1 nolu (\u00c7avu\u015fo\u011flu) Sa\u011fl\u0131k Oca\u011f\u0131na atand\u0131. 1998, 21-A\u011fustos tarihinde \u0130n\u00f6n\u00fc \u00dcniversitesi T\u0131p Fak\u00fcltesi Plastik ve Rekonstr\u00fcktif Cerrahi Klini\u011fi`ne asistan olarak ba\u015flad\u0131. 2000, [&hellip;]<\/p>\n","protected":false},"author":1,"featured_media":0,"parent":0,"menu_order":0,"comment_status":"closed","ping_status":"closed","template":"","meta":{"_acf_changed":false,"inline_featured_image":false,"footnotes":""},"class_list":["post-42","page","type-page","status-publish","hentry"],"acf":[],"_links":{"self":[{"href":"https:\/\/opdrhakanaydogan.com\/tr\/wp-json\/wp\/v2\/pages\/42","targetHints":{"allow":["GET"]}}],"collection":[{"href":"https:\/\/opdrhakanaydogan.com\/tr\/wp-json\/wp\/v2\/pages"}],"about":[{"href":"https:\/\/opdrhakanaydogan.com\/tr\/wp-json\/wp\/v2\/types\/page"}],"author":[{"embeddable":true,"href":"https:\/\/opdrhakanaydogan.com\/tr\/wp-json\/wp\/v2\/users\/1"}],"replies":[{"embeddable":true,"href":"https:\/\/opdrhakanaydogan.com\/tr\/wp-json\/wp\/v2\/comments?post=42"}],"version-history":[{"count":0,"href":"https:\/\/opdrhakanaydogan.com\/tr\/wp-json\/wp\/v2\/pages\/42\/revisions"}],"wp:attachment":[{"href":"https:\/\/opdrhakanaydogan.com\/tr\/wp-json\/wp\/v2\/media?parent=42"}],"curies":[{"name":"wp","href":"https:\/\/api.w.org\/{rel}","templated":true}]}}