{"id":188,"date":"2017-10-24T09:48:15","date_gmt":"2017-10-24T09:48:15","guid":{"rendered":"http:\/\/www.kadindogumestetik.com\/?page_id=188"},"modified":"2022-08-05T17:42:47","modified_gmt":"2022-08-05T14:42:47","slug":"ameliyatsiz-yuz-germe","status":"publish","type":"page","link":"https:\/\/opdrhakanaydogan.com\/tr\/ameliyatsiz-yuz-germe\/","title":{"rendered":"Ameliyats\u0131z Y\u00fcz Germe"},"content":{"rendered":"\n<p>Y\u0131llar\u0131n ge\u00e7mesi, g\u00fcne\u015f \u0131\u015f\u0131nlar\u0131n\u0131n y\u00fcz\u00fcm\u00fczle temas etmesi ve di\u011fer her t\u00fcrl\u00fc etkenle birlikte, zaman i\u00e7erisinde y\u00fcz\u00fcm\u00fczdeki k\u0131r\u0131\u015f\u0131kl\u0131klar ve sark\u0131nt\u0131lar ba\u015f g\u00f6stermeye devam edecektir. Ne kadar s\u0131kl\u0131kla krem kullan\u0131rsan\u0131z kullan\u0131n, bir yerden sonra y\u00fcz\u00fcn\u00fczdeki gerginli\u011fi tamamen kaybedebilirsiniz.&nbsp;<strong>Ameliyats\u0131z Y\u00fcz Germe<\/strong>, hi\u00e7bir \u015fekilde cerrahi m\u00fcdahaleye gerek kalmadan, y\u00fcz\u00fcn\u00fcz\u00fc istedi\u011finiz gerginli\u011fe getirebilme y\u00f6ntemlerine verilen genel isimdir. \u00d6zellikle son zamanlarda insan anatomisinin daha iyi bilinmesi ve bilim taraf\u0131ndaki geli\u015fmelerle birlikte, insanlar\u0131n y\u00fczlerini gen\u00e7le\u015ftirme i\u00e7in, do\u011fru anatomiye do\u011fru teknik kullan\u0131m\u0131 sayesinde ba\u015far\u0131 elde etme \u015fans\u0131 y\u00fckselmektedir.&nbsp;<strong>Ameliyats\u0131z y\u00fcz germe<\/strong>&nbsp;tekniklerinin ilk sebebi; sosyal ya\u015fant\u0131n\u0131zdan kopmadan, i\u015flemin hemen ard\u0131ndan hayat\u0131n\u0131za devam edebilece\u011finiz olmas\u0131d\u0131r. Bunu yan\u0131 s\u0131ra; ameliyatla gelen yan etkilerin tamam\u0131ndan da kurtulmak m\u00fcmk\u00fcn hale geliyor.<\/p>\n\n\n\n<h4 class=\"wp-block-heading\">Mevcutta Kullan\u0131lan En Etkili 3 Ameliyats\u0131z Y\u00fcz Germe Y\u00f6ntemi<\/h4>\n\n\n\n<p>Mezolift, PRP Hyaluronik Asit A\u015f\u0131 ve Somon DNA kullan\u0131larak Y\u00fcz Germe \u0130\u015flemi, insan cildine k\u00fc\u00e7\u00fck zerklerle birlikte, cilde faydal\u0131 olan maddelerin enjekte edilmesine dayal\u0131 bir y\u00f6ntemdir. \u0130nsan v\u00fccudunda yer alan kandan elde edilen PRP, \u00f6zellikle b\u00fcy\u00fcme fakt\u00f6rlerinin tamam\u0131n\u0131 i\u00e7inde ta\u015f\u0131maktad\u0131r. Bununla birlikte kullan\u0131lan Somon ise; cilt onar\u0131m \u015fans\u0131n\u0131 art\u0131ran polin\u00fckleotid maddesi i\u00e7ermektedir. Mezolift vitamin, mineral ve antioksidan i\u00e7eren farkl\u0131 ve etkili bir kokteyl olarak bilinir. Yine v\u00fccudumuzda normal olarak bulunan Hyaluronik asit ise; besleyici ve ayn\u0131 zamanda nemlendirici etkiye sahip bir maddedir. \u0130nsanlar\u0131n s\u0131kl\u0131kla tercih etti\u011fi&nbsp;<strong>Ameliyats\u0131z Y\u00fcz Germe<\/strong>&nbsp;\u0130\u015fleminde, PRP y\u00fczdeki sarkmalar\u0131n ve lekelerin giderilmesinde; somon, y\u00fczdeki elastikiyet kayb\u0131n\u0131n tekrar kazan\u0131lmas\u0131 ve nem kayb\u0131na \u00e7\u00f6z\u00fcm olarak, verilecek mezolift genel bak\u0131m amac\u0131yla ve Hyaluronik asit nemlendirmeyle birlikte bak\u0131m amac\u0131yla kullan\u0131lmaktad\u0131r. Bu y\u00f6ntemlerin tamam\u0131n\u0131 Lazerlift ile kullanmak, %100 etki sunacakt\u0131r.<\/p>\n\n\n\n<h4 class=\"wp-block-heading\">Lazerlift ile Y\u00fcz Germe<\/h4>\n\n\n\n<p>\u0130nsan cildi ve cilt alt\u0131 dokular\u0131n\u0131n, lazer tekni\u011fi kullan\u0131larak \u0131s\u0131t\u0131lmas\u0131yla birlikte etki eden y\u00fcz germe y\u00f6ntemine Lazerlift ad\u0131 verilmektedir. Kollajen ortalama 50 ila 60 derecelik bir \u0131s\u0131ya maruz kald\u0131\u011f\u0131nda k\u0131salmaktad\u0131r. Cilt ve cilt alt\u0131nda bulunan kollajenler \u0131s\u0131t\u0131ld\u0131\u011f\u0131 zaman ise; gerilme meydana gelir. Uygulaman\u0131n ard\u0131ndan, k\u0131salm\u0131\u015f olan b\u00f6l\u00fcmde, tekrardan kollajen \u00fcretimi ba\u015flayaca\u011f\u0131 i\u00e7in, bu b\u00f6lgelerde de gerginle\u015fme olu\u015facakt\u0131r. Uygulaman\u0131n sonunda hem cilt, hem de cilt alt\u0131nda gen\u00e7le\u015fme ve gerginle\u015fme meydana gelecektir. E\u011fer ameliyats\u0131z y\u00fcz germe i\u015flemi yukar\u0131da bahsetti\u011fimiz y\u00f6ntemlerle kullan\u0131lacak olursa, etkisinin 2 kat\u0131na kadar \u00e7\u0131kt\u0131\u011f\u0131n\u0131 g\u00f6rmekte m\u00fcmk\u00fcn olacakt\u0131r. 2 ile 4 seans aras\u0131nda kesin \u00e7\u00f6z\u00fcmler al\u0131nmas\u0131n\u0131n yan\u0131 s\u0131ra; i\u015flem sonras\u0131 hayat\u0131n\u0131za ara vermeden devam edebilirsiniz.<\/p>\n\n\n\n<h4 class=\"wp-block-heading\">Dolgu ile Y\u00fcz Germe<\/h4>\n\n\n\n<p>Y\u00fcz\u00fcm\u00fczdeki sarkmalar\u0131n nedeni yaln\u0131zca ciltteki gev\u015feme sonucunda kar\u015f\u0131m\u0131za \u00e7\u0131kmaz. Cilt alt\u0131 b\u00f6lgede yer alan ba\u011flar\u0131n zay\u0131flamas\u0131, kemik ve ya\u011f kayb\u0131na u\u011framas\u0131 da, sarkma meydana getiren etkenlerdendir. \u00d6zellikle do\u011fu\u015ftan, yani genetik olarak yanaklar\u0131 i\u00e7e bask\u0131n olan y\u00fczlerde, daha erken ya\u015flarda g\u00f6zalt\u0131 \u00e7ukurlar\u0131n\u0131n olu\u015ftu\u011fu, \u00e7\u00f6k\u00fcnt\u00fc ve d\u00fczle\u015fme etkileri g\u00f6r\u00fclmektedir. Olu\u015facak bu tarz \u015fik\u00e2yetler sonucunda da, dolgu sayesinde; yanak ve g\u00f6zalt\u0131 b\u00f6l\u00fcmlerine destek niteli\u011finde i\u015flemler sa\u011flanabilir. Sadece genetik olarak de\u011fil; ya\u015fl\u0131l\u0131\u011f\u0131n etkisiyle de yanaklarda ve \u015fakaklarda kemik kay\u0131plar\u0131 g\u00f6zlemlenmektedir. Bu tarz \u015fik\u00e2yetlerde de, direkt olarak farkl\u0131 bir y\u00f6ntem uygulamak anlams\u0131z olacakt\u0131r. \u00d6ncelikle dolgu i\u015flemi yap\u0131l\u0131r, gerekli g\u00f6r\u00fcnt\u00fc sa\u011flanamazsa; di\u011fer y\u00f6ntemlere ba\u015fvurulur.<\/p>\n\n\n\n<h4 class=\"wp-block-heading\">Mikro Fokuslu Ultrason ile Y\u00fcz Germe<\/h4>\n\n\n\n<p>Kullan\u0131lan ameliyats\u0131z y\u00fcz germe y\u00f6ntemi i\u00e7erisindeki ses dalgalar\u0131 yard\u0131m\u0131yla, cilt ve cilt alt\u0131 dokular\u0131n etkilenmesi sonucunda ger\u00e7ekle\u015ftirilen y\u00fcz germe y\u00f6ntemine verilen isimdir. Her zaman cilde hi\u00e7bir zararl\u0131 etki vermeden cilt alt\u0131 dokulara ula\u015fabilecek olan ses dalgalar\u0131, dozu ayarlayarak istenilen dokuyu elde etmeyi de m\u00fcmk\u00fcn hale getirmektedir. Cilt alt\u0131 SMAS dokusuna ses dalgas\u0131yla ula\u015f\u0131larak, cildin gerilmesini sa\u011flar. Di\u011fer y\u00f6ntemlerle birlikte kullan\u0131ld\u0131\u011f\u0131 zamanlarda da m\u00fckemmel bir deneyim sunacak olup; 1 ile 1.5 y\u0131l aras\u0131nda y\u00fcz germe i\u015fleminin devam etti\u011fi de bilinmektedir.<\/p>\n","protected":false},"excerpt":{"rendered":"<p>Y\u0131llar\u0131n ge\u00e7mesi, g\u00fcne\u015f \u0131\u015f\u0131nlar\u0131n\u0131n y\u00fcz\u00fcm\u00fczle temas etmesi ve di\u011fer her t\u00fcrl\u00fc etkenle birlikte, zaman i\u00e7erisinde y\u00fcz\u00fcm\u00fczdeki k\u0131r\u0131\u015f\u0131kl\u0131klar ve sark\u0131nt\u0131lar ba\u015f g\u00f6stermeye devam edecektir. Ne kadar s\u0131kl\u0131kla krem kullan\u0131rsan\u0131z kullan\u0131n, bir yerden sonra y\u00fcz\u00fcn\u00fczdeki gerginli\u011fi tamamen kaybedebilirsiniz.&nbsp;Ameliyats\u0131z Y\u00fcz Germe, hi\u00e7bir \u015fekilde cerrahi m\u00fcdahaleye gerek kalmadan, y\u00fcz\u00fcn\u00fcz\u00fc istedi\u011finiz gerginli\u011fe getirebilme y\u00f6ntemlerine verilen genel isimdir. \u00d6zellikle son zamanlarda [&hellip;]<\/p>\n","protected":false},"author":1,"featured_media":1205,"parent":0,"menu_order":0,"comment_status":"closed","ping_status":"closed","template":"","meta":{"_acf_changed":false,"inline_featured_image":false,"footnotes":""},"class_list":["post-188","page","type-page","status-publish","has-post-thumbnail","hentry"],"acf":[],"_links":{"self":[{"href":"https:\/\/opdrhakanaydogan.com\/tr\/wp-json\/wp\/v2\/pages\/188","targetHints":{"allow":["GET"]}}],"collection":[{"href":"https:\/\/opdrhakanaydogan.com\/tr\/wp-json\/wp\/v2\/pages"}],"about":[{"href":"https:\/\/opdrhakanaydogan.com\/tr\/wp-json\/wp\/v2\/types\/page"}],"author":[{"embeddable":true,"href":"https:\/\/opdrhakanaydogan.com\/tr\/wp-json\/wp\/v2\/users\/1"}],"replies":[{"embeddable":true,"href":"https:\/\/opdrhakanaydogan.com\/tr\/wp-json\/wp\/v2\/comments?post=188"}],"version-history":[{"count":0,"href":"https:\/\/opdrhakanaydogan.com\/tr\/wp-json\/wp\/v2\/pages\/188\/revisions"}],"wp:featuredmedia":[{"embeddable":true,"href":"https:\/\/opdrhakanaydogan.com\/tr\/wp-json\/wp\/v2\/media\/1205"}],"wp:attachment":[{"href":"https:\/\/opdrhakanaydogan.com\/tr\/wp-json\/wp\/v2\/media?parent=188"}],"curies":[{"name":"wp","href":"https:\/\/api.w.org\/{rel}","templated":true}]}}