{"id":184,"date":"2017-10-24T09:40:37","date_gmt":"2017-10-24T09:40:37","guid":{"rendered":"http:\/\/www.kadindogumestetik.com\/?page_id=184"},"modified":"2022-08-05T17:38:56","modified_gmt":"2022-08-05T14:38:56","slug":"labioplasti","status":"publish","type":"page","link":"https:\/\/opdrhakanaydogan.com\/tr\/labioplasti\/","title":{"rendered":"Labioplasti"},"content":{"rendered":"\n<p><strong>Labioplasti Nedir?<\/strong><\/p>\n\n\n\n<p>Labioplasti, vajinadaki i\u00e7 ve d\u0131\u015f dudaklarda olu\u015fan sarkmalar\u0131n ve b\u00fcy\u00fckl\u00fcklerin d\u00fczeltildi\u011fi bir genital estetik operasyonudur.<\/p>\n\n\n\n<p><strong>Vajinadaki \u0130\u00e7 ve D\u0131\u015f Dudaklar\u0131n B\u00fcy\u00fckl\u00fc\u011f\u00fc ve Sark\u0131kl\u0131\u011f\u0131 Nelere Sebebiyet Verebilir?<\/strong><\/p>\n\n\n\n<p>Vajinadaki i\u00e7 dudaklar, yap\u0131s\u0131 gere\u011fi ter bezi a\u00e7\u0131s\u0131ndan zengin bir b\u00f6lgedir. Bundan dolay\u0131 o b\u00f6lgede neme ba\u011fl\u0131 olarak mikrop ve bakteri olu\u015fumu \u00e7ok fazla olabilir. Bu durumlara ba\u011fl\u0131 olarak olu\u015fan enfeksiyon k\u00f6t\u00fc koku ve a\u011fr\u0131lara sebebiyet verebilir. Bu durum ayn\u0131 zamanda ki\u015finin cinsel hayat\u0131n\u0131 da olumsuz y\u00f6nde etkileyen bir durumdur. B\u00fcy\u00fck ve sark\u0131k olan i\u00e7 dudaklar tahri\u015f olabilir, cinsel ili\u015fki s\u0131ras\u0131nda a\u011fr\u0131ya hissi ya\u015fanabilir. Bundan dolay\u0131 Labioplasti, sadece estetik a\u00e7\u0131dan de\u011fil, sa\u011fl\u0131k a\u00e7\u0131s\u0131ndan da \u00e7ok \u00f6nem ta\u015f\u0131yan bir i\u015flemdir.<\/p>\n\n\n\n<p><strong>Vajina Dudaklar\u0131nda Sarkmalar Neden Olur?<br><\/strong>Vajinan\u0131n dudaklar\u0131ndaki sarkmalar bir\u00e7ok sebepten \u00f6t\u00fcr\u00fc olabilmektedir. Kad\u0131nlarda ya\u015flanma ve genetik yatk\u0131nl\u0131\u011f\u0131n yan\u0131 s\u0131ra, kronikle\u015fen enfeksiyonlar, normal do\u011fum gibi durumlarda vajina dudaklar\u0131nda sarkmaya neden olabilir.<\/p>\n\n\n\n<p><strong>Labioplasti \u0130\u015flemi Her Ya\u015f \u0130\u00e7in Uygun mudur?<br><\/strong>Labioplasti i\u015flemi, 18 ya\u015f\u0131n\u0131 doldurmu\u015f, vajinas\u0131n\u0131n g\u00f6r\u00fcn\u00fcm\u00fcnden memnun olmayan her kad\u0131na yap\u0131labilmektedir.<\/p>\n\n\n\n<p><strong>Labioplasti Cinsel Ya\u015fam\u0131 K\u00f6t\u00fc Etkiler mi?<br><\/strong>Hay\u0131r! Labioplasti sonras\u0131nda i\u00e7 ve d\u0131\u015f dudaklarda veya klitoriste herhangi bir duyu kayb\u0131na sebep olmaz, orgazmda azalma durumu ya\u015fanmaz.<\/p>\n\n\n\n<p><strong>Labioplasti \u0130\u015flemi K\u0131zl\u0131k Zar\u0131na Zarar Verir mi?<br><\/strong>Hay\u0131r! \u0130\u00e7 ve D\u0131\u015f dudaklar vajinan\u0131n d\u0131\u015f\u0131nda, k\u0131zl\u0131k zar\u0131 ise vajinan\u0131n 1-2 cm i\u00e7erisinde bulunmaktad\u0131r. Labioplasti\u2019de vajinan\u0131n i\u00e7ine herhangi bir i\u015flem uygulanmayaca\u011f\u0131 i\u00e7in ki\u015finin k\u0131zl\u0131k zar\u0131 da zarar g\u00f6rmeyecektir.<\/p>\n\n\n\n<p><strong>Labioplasti \u0130\u015fleminde A\u011fr\u0131\/Ac\u0131 Olur mu?<br><\/strong>Labioplasti i\u015flemi bir ameliyat de\u011fildir. \u0130\u015flem s\u0131ras\u0131nda b\u00f6lgeye anestezik ila\u00e7lar enjekte edilir. Ki\u015fi, bu i\u015flem yap\u0131l\u0131rken hi\u00e7bir \u015fey hissetmemektedir.<\/p>\n\n\n\n<p><strong>Labioplasti Sonras\u0131nda Ne Zaman Cinsel \u0130li\u015fkiye Girebilirim?<br><\/strong>1 ay sonra ki\u015fi cinsel hayat\u0131na geri d\u00f6nebilmektedir.<\/p>\n\n\n\n<p><strong>Labioplasti Sonras\u0131n Gebe Kalma ve Do\u011fum Ger\u00e7ekle\u015ftirmede Bir Sorun Ya\u015far m\u0131y\u0131m?<br><\/strong>Hay\u0131r! Ki\u015finin Labioplasti sonras\u0131 gebe kalma ve do\u011furma gibi durumlar\u0131ndan herhangi bir problem ya\u015fanmaz.<\/p>\n","protected":false},"excerpt":{"rendered":"<p>Labioplasti Nedir? Labioplasti, vajinadaki i\u00e7 ve d\u0131\u015f dudaklarda olu\u015fan sarkmalar\u0131n ve b\u00fcy\u00fckl\u00fcklerin d\u00fczeltildi\u011fi bir genital estetik operasyonudur. Vajinadaki \u0130\u00e7 ve D\u0131\u015f Dudaklar\u0131n B\u00fcy\u00fckl\u00fc\u011f\u00fc ve Sark\u0131kl\u0131\u011f\u0131 Nelere Sebebiyet Verebilir? Vajinadaki i\u00e7 dudaklar, yap\u0131s\u0131 gere\u011fi ter bezi a\u00e7\u0131s\u0131ndan zengin bir b\u00f6lgedir. Bundan dolay\u0131 o b\u00f6lgede neme ba\u011fl\u0131 olarak mikrop ve bakteri olu\u015fumu \u00e7ok fazla olabilir. Bu durumlara [&hellip;]<\/p>\n","protected":false},"author":1,"featured_media":1199,"parent":0,"menu_order":0,"comment_status":"closed","ping_status":"closed","template":"","meta":{"_acf_changed":false,"inline_featured_image":false,"footnotes":""},"class_list":["post-184","page","type-page","status-publish","has-post-thumbnail","hentry"],"acf":[],"_links":{"self":[{"href":"https:\/\/opdrhakanaydogan.com\/tr\/wp-json\/wp\/v2\/pages\/184","targetHints":{"allow":["GET"]}}],"collection":[{"href":"https:\/\/opdrhakanaydogan.com\/tr\/wp-json\/wp\/v2\/pages"}],"about":[{"href":"https:\/\/opdrhakanaydogan.com\/tr\/wp-json\/wp\/v2\/types\/page"}],"author":[{"embeddable":true,"href":"https:\/\/opdrhakanaydogan.com\/tr\/wp-json\/wp\/v2\/users\/1"}],"replies":[{"embeddable":true,"href":"https:\/\/opdrhakanaydogan.com\/tr\/wp-json\/wp\/v2\/comments?post=184"}],"version-history":[{"count":0,"href":"https:\/\/opdrhakanaydogan.com\/tr\/wp-json\/wp\/v2\/pages\/184\/revisions"}],"wp:featuredmedia":[{"embeddable":true,"href":"https:\/\/opdrhakanaydogan.com\/tr\/wp-json\/wp\/v2\/media\/1199"}],"wp:attachment":[{"href":"https:\/\/opdrhakanaydogan.com\/tr\/wp-json\/wp\/v2\/media?parent=184"}],"curies":[{"name":"wp","href":"https:\/\/api.w.org\/{rel}","templated":true}]}}