{"id":18,"date":"2017-10-05T09:52:02","date_gmt":"2017-10-05T09:52:02","guid":{"rendered":"http:\/\/www.kadindogumestetik.com\/?page_id=18"},"modified":"2022-08-05T17:52:51","modified_gmt":"2022-08-05T14:52:51","slug":"anasayfa","status":"publish","type":"page","link":"https:\/\/opdrhakanaydogan.com\/tr\/","title":{"rendered":"Anasayfa"},"content":{"rendered":"\t\t<div data-elementor-type=\"wp-page\" data-elementor-id=\"18\" class=\"elementor elementor-18\">\n\t\t\t\t\t\t<section class=\"elementor-section elementor-top-section elementor-element elementor-element-6276dde elementor-section-full_width elementor-section-height-default elementor-section-height-default\" data-id=\"6276dde\" data-element_type=\"section\">\n\t\t\t\t\t\t<div class=\"elementor-container elementor-column-gap-no\">\n\t\t\t\t\t<div class=\"elementor-column elementor-col-100 elementor-top-column elementor-element elementor-element-e496e09\" data-id=\"e496e09\" data-element_type=\"column\">\n\t\t\t<div class=\"elementor-widget-wrap elementor-element-populated\">\n\t\t\t\t\t\t<div class=\"elementor-element elementor-element-2836d95 elementor-widget elementor-widget-slider_revolution\" data-id=\"2836d95\" data-element_type=\"widget\" data-widget_type=\"slider_revolution.default\">\n\t\t\t\t<div class=\"elementor-widget-container\">\n\t\t\t\t\t\r\n\t\t<div class=\"wp-block-themepunch-revslider\">\n\t\t\t<!-- START Slider 1 REVOLUTION SLIDER 6.5.25 --><p class=\"rs-p-wp-fix\"><\/p>\n\t\t\t<rs-module-wrap id=\"rev_slider_1_1_wrapper\" data-source=\"gallery\" style=\"visibility:hidden;background:transparent;padding:0;margin:0px auto;margin-top:0;margin-bottom:0;\">\n\t\t\t\t<rs-module id=\"rev_slider_1_1\" style=\"\" data-version=\"6.5.25\">\n\t\t\t\t\t<rs-slides>\n\t\t\t\t\t\t<rs-slide style=\"position: absolute;\" data-key=\"rs-1\" data-title=\"Slide\" data-in=\"o:0;\" data-out=\"a:false;\">\n\t\t\t\t\t\t\t<img fetchpriority=\"high\" decoding=\"async\" src=\"\/\/opdrhakanaydogan.com\/tr\/wp-content\/plugins\/revslider\/public\/assets\/assets\/dummy.png\" alt=\"\" title=\"shutterstock_605382959\" width=\"1920\" height=\"688\" class=\"rev-slidebg tp-rs-img rs-lazyload\" data-lazyload=\"\/\/opdrhakanaydogan.com\/tr\/wp-content\/uploads\/2022\/08\/shutterstock_605382959.jpg\" data-no-retina>\n<!--\n\t\t\t\t\t\t\t--><rs-layer\n\t\t\t\t\t\t\t\tid=\"slider-1-slide-1-layer-2\" \n\t\t\t\t\t\t\t\tdata-type=\"text\"\n\t\t\t\t\t\t\t\tdata-color=\"#4e663c\"\n\t\t\t\t\t\t\t\tdata-rsp_ch=\"on\"\n\t\t\t\t\t\t\t\tdata-xy=\"x:l,l,c,c;xo:70px,37px,-162px,0;y:t,m,m,m;yo:309px,-59px,305px,105px;\"\n\t\t\t\t\t\t\t\tdata-text=\"w:normal;s:94,50,37,34;l:117,62,47,43;fw:700;\"\n\t\t\t\t\t\t\t\tdata-padding=\"t:10,5,4,3;r:10,5,4,3;b:10,5,4,3;l:10,5,4,3;\"\n\t\t\t\t\t\t\t\tdata-frame_999=\"o:0;st:w;\"\n\t\t\t\t\t\t\t\tstyle=\"z-index:10;font-family:'Roboto Condensed';\"\n\t\t\t\t\t\t\t>Op. Dr. Hakan Aydo\u011fan \n\t\t\t\t\t\t\t<\/rs-layer><!--\n\n\t\t\t\t\t\t\t--><rs-layer\n\t\t\t\t\t\t\t\tid=\"slider-1-slide-1-layer-4\" \n\t\t\t\t\t\t\t\tdata-type=\"text\"\n\t\t\t\t\t\t\t\tdata-rsp_ch=\"on\"\n\t\t\t\t\t\t\t\tdata-xy=\"xo:80px,37px,28px,15px;y:t,m,m,m;yo:451px,-3px,-2px,156px;\"\n\t\t\t\t\t\t\t\tdata-text=\"w:normal;s:36,19,14,18;l:45,24,18,25;\"\n\t\t\t\t\t\t\t\tdata-dim=\"w:auto,auto,auto,456px;\"\n\t\t\t\t\t\t\t\tdata-padding=\"t:10,5,4,5;r:10,5,4,5;b:10,5,4,5;l:10,5,4,5;\"\n\t\t\t\t\t\t\t\tdata-frame_999=\"o:0;st:w;\"\n\t\t\t\t\t\t\t\tstyle=\"z-index:11;background-color:#4e663c;font-family:'Roboto';\"\n\t\t\t\t\t\t\t>Estetik ve Plastik Cerrahi \n\t\t\t\t\t\t\t<\/rs-layer><!--\n-->\t\t\t\t\t\t<\/rs-slide>\n\t\t\t\t\t<\/rs-slides>\n\t\t\t\t<\/rs-module>\n\t\t\t\t<script>\n\t\t\t\t\tsetREVStartSize({c: 'rev_slider_1_1',rl:[1240,1024,778,480],el:[720,768,960,500],gw:[1920,1024,778,480],gh:[720,768,960,500],type:'standard',justify:'',layout:'fullwidth',mh:\"0\"});if (window.RS_MODULES!==undefined && window.RS_MODULES.modules!==undefined && window.RS_MODULES.modules[\"revslider11\"]!==undefined) {window.RS_MODULES.modules[\"revslider11\"].once = false;window.revapi1 = undefined;if (window.RS_MODULES.checkMinimal!==undefined) window.RS_MODULES.checkMinimal()}\n\t\t\t\t<\/script>\n\t\t\t<\/rs-module-wrap>\n\t\t\t<!-- END REVOLUTION SLIDER -->\n<\/div>\r\n\r\n\t\t\t\t\t\t<\/div>\n\t\t\t\t<\/div>\n\t\t\t\t\t<\/div>\n\t\t<\/div>\n\t\t\t\t\t<\/div>\n\t\t<\/section>\n\t\t\t\t<section class=\"elementor-section elementor-top-section elementor-element elementor-element-cdb531d elementor-section-height-min-height elementor-reverse-mobile elementor-section-boxed elementor-section-height-default elementor-section-items-middle\" data-id=\"cdb531d\" data-element_type=\"section\" data-settings=\"{&quot;background_background&quot;:&quot;classic&quot;}\">\n\t\t\t\t\t\t<div class=\"elementor-container elementor-column-gap-default\">\n\t\t\t\t\t<div class=\"elementor-column elementor-col-50 elementor-top-column elementor-element elementor-element-6d105c5\" data-id=\"6d105c5\" data-element_type=\"column\">\n\t\t\t<div class=\"elementor-widget-wrap elementor-element-populated\">\n\t\t\t\t\t\t<div class=\"elementor-element elementor-element-c5a7266 elementor-widget elementor-widget-image\" data-id=\"c5a7266\" data-element_type=\"widget\" data-widget_type=\"image.default\">\n\t\t\t\t<div class=\"elementor-widget-container\">\n\t\t\t\t\t\t\t\t\t\t\t\t\t\t\t<img decoding=\"async\" width=\"547\" height=\"821\" src=\"https:\/\/opdrhakanaydogan.com\/tr\/wp-content\/uploads\/2022\/08\/op-dr-hakan-aydogan.jpg\" class=\"attachment-large size-large wp-image-1171\" alt=\"\" srcset=\"https:\/\/opdrhakanaydogan.com\/tr\/wp-content\/uploads\/2022\/08\/op-dr-hakan-aydogan.jpg 547w, https:\/\/opdrhakanaydogan.com\/tr\/wp-content\/uploads\/2022\/08\/op-dr-hakan-aydogan-200x300.jpg 200w\" sizes=\"(max-width: 547px) 100vw, 547px\" \/>\t\t\t\t\t\t\t\t\t\t\t\t\t\t\t<\/div>\n\t\t\t\t<\/div>\n\t\t\t\t\t<\/div>\n\t\t<\/div>\n\t\t\t\t<div class=\"elementor-column elementor-col-50 elementor-top-column elementor-element elementor-element-b85d667\" data-id=\"b85d667\" data-element_type=\"column\">\n\t\t\t<div class=\"elementor-widget-wrap elementor-element-populated\">\n\t\t\t\t\t\t<div class=\"elementor-element elementor-element-6d7828e elementor-widget elementor-widget-heading\" data-id=\"6d7828e\" data-element_type=\"widget\" data-widget_type=\"heading.default\">\n\t\t\t\t<div class=\"elementor-widget-container\">\n\t\t\t\t\t<h2 class=\"elementor-heading-title elementor-size-default\">Op. Dr. Hakan Aydogan\n<\/h2>\t\t\t\t<\/div>\n\t\t\t\t<\/div>\n\t\t\t\t<div class=\"elementor-element elementor-element-90a2f7c elementor-widget elementor-widget-text-editor\" data-id=\"90a2f7c\" data-element_type=\"widget\" data-widget_type=\"text-editor.default\">\n\t\t\t\t<div class=\"elementor-widget-container\">\n\t\t\t\t\t\t\t\t\t<p><strong>E\u011fitim \u00d6\u011fretim;<\/strong><\/p><ul><li>1988 Malatya Lisesi\u2019ni bitirdi.<\/li><li>1994, 13 Kas\u0131m tarihinde Ege \u00dcniversitesi T\u0131p Fak\u00fcltesi\u2019nden mezun oldu.<\/li><\/ul><p><strong>Mezuniyet Sonras\u0131;<\/strong><\/p><ul><li>1994, 22 Aral\u0131k tarihinde Burdur B\u00fcy\u00fckalan Sa\u011fl\u0131k Oca\u011f\u0131\u2019nda g\u00f6reve<\/li><li>1996, Malatya 1 nolu (\u00c7avu\u015fo\u011flu) Sa\u011fl\u0131k Oca\u011f\u0131na atand\u0131.<\/li><li>1998, 21-A\u011fustos tarihinde \u0130n\u00f6n\u00fc \u00dcniversitesi T\u0131p Fak\u00fcltesi Plastik ve Rekonstr\u00fcktif Cerrahi Klini\u011fi`ne asistan olarak ba\u015flad\u0131.<\/li><li>2000, 15 Eyl\u00fcl-15 Ekim Tarihleri aras\u0131nda Diyarbak\u0131r 16. Z\u0131rhl\u0131 Tugay\u0131\u2019nda bedelli olarak askerli\u011fini yapt\u0131.<\/li><li>2003, 5 Kas\u0131m 2003 tarihinde Plastik Rekonstr\u00fcktif ve Estetik Cerrahi Uzman\u0131 oldu. (Uzmanl\u0131k Tezi: Melatoninin S\u0131\u00e7an Dorsal Random Paternli Cilt Flebi Ya\u015fayabilirli\u011fi \u00dczerine Etkisi) Ayn\u0131 klinikte 17 ay uzman olarak \u00e7al\u0131\u015ft\u0131.<\/li><li>2005, 1 Mart 2005 tarihinde Malatya Devlet Hastanesi\u2019ne Uzman Olarak atand\u0131.<\/li><li>2006, 15 Kas\u0131m 2006 tarihinde memuriyetten istifa edip \u00d6zel G\u00f6zde Hastanesi\u2019nde \u00e7al\u0131\u015fmaya ba\u015flad\u0131<\/li><li>2012, 11 Temmuz 2012 tarihinde Malatya Devlet Hastanesine yeniden uzman olarak atand\u0131.<\/li><li>2013, 11 Haziran 2013 tarihinde tekrar memuriyetten istifa edip \u00d6zel G\u00f6zde Hastanesi\u2019nde \u00e7al\u0131\u015fmaya ba\u015flad\u0131.<\/li><\/ul>\t\t\t\t\t\t\t\t<\/div>\n\t\t\t\t<\/div>\n\t\t\t\t\t<\/div>\n\t\t<\/div>\n\t\t\t\t\t<\/div>\n\t\t<\/section>\n\t\t\t\t<section class=\"elementor-section elementor-top-section elementor-element elementor-element-08a2e2e elementor-section-boxed elementor-section-height-default elementor-section-height-default\" data-id=\"08a2e2e\" data-element_type=\"section\">\n\t\t\t\t\t\t<div class=\"elementor-container elementor-column-gap-default\">\n\t\t\t\t\t<div class=\"elementor-column elementor-col-100 elementor-top-column elementor-element elementor-element-8acfdef\" data-id=\"8acfdef\" data-element_type=\"column\">\n\t\t\t<div class=\"elementor-widget-wrap elementor-element-populated\">\n\t\t\t\t\t\t<div class=\"elementor-element elementor-element-67735fc elementor-widget elementor-widget-heading\" data-id=\"67735fc\" data-element_type=\"widget\" data-widget_type=\"heading.default\">\n\t\t\t\t<div class=\"elementor-widget-container\">\n\t\t\t\t\t<h2 class=\"elementor-heading-title elementor-size-default\">\u00d6nce Sonra<\/h2>\t\t\t\t<\/div>\n\t\t\t\t<\/div>\n\t\t\t\t\t<\/div>\n\t\t<\/div>\n\t\t\t\t\t<\/div>\n\t\t<\/section>\n\t\t\t\t<section class=\"elementor-section elementor-top-section elementor-element elementor-element-8c3b9ec elementor-section-boxed elementor-section-height-default elementor-section-height-default\" data-id=\"8c3b9ec\" data-element_type=\"section\">\n\t\t\t\t\t\t<div class=\"elementor-container elementor-column-gap-default\">\n\t\t\t\t\t<div class=\"elementor-column elementor-col-100 elementor-top-column elementor-element elementor-element-707e6f3\" data-id=\"707e6f3\" data-element_type=\"column\">\n\t\t\t<div class=\"elementor-widget-wrap elementor-element-populated\">\n\t\t\t\t\t\t<div class=\"elementor-element elementor-element-d8d5fce elementor-arrows-position-inside elementor-widget elementor-widget-image-carousel\" data-id=\"d8d5fce\" data-element_type=\"widget\" data-settings=\"{&quot;navigation&quot;:&quot;arrows&quot;,&quot;slides_to_show&quot;:&quot;4&quot;,&quot;autoplay&quot;:&quot;yes&quot;,&quot;pause_on_hover&quot;:&quot;yes&quot;,&quot;pause_on_interaction&quot;:&quot;yes&quot;,&quot;autoplay_speed&quot;:5000,&quot;infinite&quot;:&quot;yes&quot;,&quot;speed&quot;:500,&quot;image_spacing_custom&quot;:{&quot;unit&quot;:&quot;px&quot;,&quot;size&quot;:20,&quot;sizes&quot;:[]},&quot;image_spacing_custom_tablet&quot;:{&quot;unit&quot;:&quot;px&quot;,&quot;size&quot;:&quot;&quot;,&quot;sizes&quot;:[]},&quot;image_spacing_custom_mobile&quot;:{&quot;unit&quot;:&quot;px&quot;,&quot;size&quot;:&quot;&quot;,&quot;sizes&quot;:[]}}\" data-widget_type=\"image-carousel.default\">\n\t\t\t\t<div class=\"elementor-widget-container\">\n\t\t\t\t\t\t\t<div class=\"elementor-image-carousel-wrapper swiper\" role=\"region\" aria-roledescription=\"carousel\" aria-label=\"Resim D\u00f6ng\u00fcs\u00fc\" dir=\"ltr\">\n\t\t\t<div class=\"elementor-image-carousel swiper-wrapper\" aria-live=\"off\">\n\t\t\t\t\t\t\t\t<div class=\"swiper-slide\" role=\"group\" aria-roledescription=\"slide\" aria-label=\"1 \/ 5\"><a data-elementor-open-lightbox=\"yes\" data-elementor-lightbox-slideshow=\"d8d5fce\" data-elementor-lightbox-title=\"242565163_819201205412613_3390072351426288185_n\" data-e-action-hash=\"#elementor-action%3Aaction%3Dlightbox%26settings%3DeyJpZCI6MTE5NSwidXJsIjoiaHR0cHM6XC9cL29wZHJoYWthbmF5ZG9nYW4uY29tXC90clwvd3AtY29udGVudFwvdXBsb2Fkc1wvMjAyMlwvMDhcLzI0MjU2NTE2M184MTkyMDEyMDU0MTI2MTNfMzM5MDA3MjM1MTQyNjI4ODE4NV9uLmpwZyIsInNsaWRlc2hvdyI6ImQ4ZDVmY2UifQ%3D%3D\" href=\"https:\/\/opdrhakanaydogan.com\/tr\/wp-content\/uploads\/2022\/08\/242565163_819201205412613_3390072351426288185_n.jpg\"><figure class=\"swiper-slide-inner\"><img decoding=\"async\" class=\"swiper-slide-image\" src=\"https:\/\/opdrhakanaydogan.com\/tr\/wp-content\/uploads\/2022\/08\/242565163_819201205412613_3390072351426288185_n.jpg\" alt=\"242565163_819201205412613_3390072351426288185_n\" \/><\/figure><\/a><\/div><div class=\"swiper-slide\" role=\"group\" aria-roledescription=\"slide\" aria-label=\"2 \/ 5\"><a data-elementor-open-lightbox=\"yes\" data-elementor-lightbox-slideshow=\"d8d5fce\" data-elementor-lightbox-title=\"268423503_137912151939738_7465306348498686974_n\" data-e-action-hash=\"#elementor-action%3Aaction%3Dlightbox%26settings%3DeyJpZCI6MTE5MCwidXJsIjoiaHR0cHM6XC9cL29wZHJoYWthbmF5ZG9nYW4uY29tXC90clwvd3AtY29udGVudFwvdXBsb2Fkc1wvMjAyMlwvMDhcLzI2ODQyMzUwM18xMzc5MTIxNTE5Mzk3MzhfNzQ2NTMwNjM0ODQ5ODY4Njk3NF9uLmpwZyIsInNsaWRlc2hvdyI6ImQ4ZDVmY2UifQ%3D%3D\" href=\"https:\/\/opdrhakanaydogan.com\/tr\/wp-content\/uploads\/2022\/08\/268423503_137912151939738_7465306348498686974_n.jpg\"><figure class=\"swiper-slide-inner\"><img decoding=\"async\" class=\"swiper-slide-image\" src=\"https:\/\/opdrhakanaydogan.com\/tr\/wp-content\/uploads\/2022\/08\/268423503_137912151939738_7465306348498686974_n.jpg\" alt=\"268423503_137912151939738_7465306348498686974_n\" \/><\/figure><\/a><\/div><div class=\"swiper-slide\" role=\"group\" aria-roledescription=\"slide\" aria-label=\"3 \/ 5\"><a data-elementor-open-lightbox=\"yes\" data-elementor-lightbox-slideshow=\"d8d5fce\" data-elementor-lightbox-title=\"244391657_2902195530092017_6828089030803582996_n\" data-e-action-hash=\"#elementor-action%3Aaction%3Dlightbox%26settings%3DeyJpZCI6MTE5MywidXJsIjoiaHR0cHM6XC9cL29wZHJoYWthbmF5ZG9nYW4uY29tXC90clwvd3AtY29udGVudFwvdXBsb2Fkc1wvMjAyMlwvMDhcLzI0NDM5MTY1N18yOTAyMTk1NTMwMDkyMDE3XzY4MjgwODkwMzA4MDM1ODI5OTZfbi5qcGciLCJzbGlkZXNob3ciOiJkOGQ1ZmNlIn0%3D\" href=\"https:\/\/opdrhakanaydogan.com\/tr\/wp-content\/uploads\/2022\/08\/244391657_2902195530092017_6828089030803582996_n.jpg\"><figure class=\"swiper-slide-inner\"><img decoding=\"async\" class=\"swiper-slide-image\" src=\"https:\/\/opdrhakanaydogan.com\/tr\/wp-content\/uploads\/2022\/08\/244391657_2902195530092017_6828089030803582996_n.jpg\" alt=\"244391657_2902195530092017_6828089030803582996_n\" \/><\/figure><\/a><\/div><div class=\"swiper-slide\" role=\"group\" aria-roledescription=\"slide\" aria-label=\"4 \/ 5\"><a data-elementor-open-lightbox=\"yes\" data-elementor-lightbox-slideshow=\"d8d5fce\" data-elementor-lightbox-title=\"234425584_567932331234170_102387368336796578_n\" data-e-action-hash=\"#elementor-action%3Aaction%3Dlightbox%26settings%3DeyJpZCI6MTE5MiwidXJsIjoiaHR0cHM6XC9cL29wZHJoYWthbmF5ZG9nYW4uY29tXC90clwvd3AtY29udGVudFwvdXBsb2Fkc1wvMjAyMlwvMDhcLzIzNDQyNTU4NF81Njc5MzIzMzEyMzQxNzBfMTAyMzg3MzY4MzM2Nzk2NTc4X24uanBnIiwic2xpZGVzaG93IjoiZDhkNWZjZSJ9\" href=\"https:\/\/opdrhakanaydogan.com\/tr\/wp-content\/uploads\/2022\/08\/234425584_567932331234170_102387368336796578_n.jpg\"><figure class=\"swiper-slide-inner\"><img decoding=\"async\" class=\"swiper-slide-image\" src=\"https:\/\/opdrhakanaydogan.com\/tr\/wp-content\/uploads\/2022\/08\/234425584_567932331234170_102387368336796578_n.jpg\" alt=\"234425584_567932331234170_102387368336796578_n\" \/><\/figure><\/a><\/div><div class=\"swiper-slide\" role=\"group\" aria-roledescription=\"slide\" aria-label=\"5 \/ 5\"><a data-elementor-open-lightbox=\"yes\" data-elementor-lightbox-slideshow=\"d8d5fce\" data-elementor-lightbox-title=\"256827843_399565868470041_4320124464065726069_n\" data-e-action-hash=\"#elementor-action%3Aaction%3Dlightbox%26settings%3DeyJpZCI6MTE5MSwidXJsIjoiaHR0cHM6XC9cL29wZHJoYWthbmF5ZG9nYW4uY29tXC90clwvd3AtY29udGVudFwvdXBsb2Fkc1wvMjAyMlwvMDhcLzI1NjgyNzg0M18zOTk1NjU4Njg0NzAwNDFfNDMyMDEyNDQ2NDA2NTcyNjA2OV9uLmpwZyIsInNsaWRlc2hvdyI6ImQ4ZDVmY2UifQ%3D%3D\" href=\"https:\/\/opdrhakanaydogan.com\/tr\/wp-content\/uploads\/2022\/08\/256827843_399565868470041_4320124464065726069_n.jpg\"><figure class=\"swiper-slide-inner\"><img decoding=\"async\" class=\"swiper-slide-image\" src=\"https:\/\/opdrhakanaydogan.com\/tr\/wp-content\/uploads\/2022\/08\/256827843_399565868470041_4320124464065726069_n.jpg\" alt=\"256827843_399565868470041_4320124464065726069_n\" \/><\/figure><\/a><\/div>\t\t\t<\/div>\n\t\t\t\t\t\t\t\t\t\t\t\t<div class=\"elementor-swiper-button elementor-swiper-button-prev\" role=\"button\" tabindex=\"0\">\n\t\t\t\t\t\t<i aria-hidden=\"true\" class=\"eicon-chevron-left\"><\/i>\t\t\t\t\t<\/div>\n\t\t\t\t\t<div class=\"elementor-swiper-button elementor-swiper-button-next\" role=\"button\" tabindex=\"0\">\n\t\t\t\t\t\t<i aria-hidden=\"true\" class=\"eicon-chevron-right\"><\/i>\t\t\t\t\t<\/div>\n\t\t\t\t\n\t\t\t\t\t\t\t\t\t<\/div>\n\t\t\t\t\t\t<\/div>\n\t\t\t\t<\/div>\n\t\t\t\t\t<\/div>\n\t\t<\/div>\n\t\t\t\t\t<\/div>\n\t\t<\/section>\n\t\t\t\t<section class=\"elementor-section elementor-top-section elementor-element elementor-element-bc8f377 elementor-section-boxed elementor-section-height-default elementor-section-height-default\" data-id=\"bc8f377\" data-element_type=\"section\">\n\t\t\t\t\t\t<div class=\"elementor-container elementor-column-gap-default\">\n\t\t\t\t\t<div class=\"elementor-column elementor-col-100 elementor-top-column elementor-element elementor-element-fb04bd3\" data-id=\"fb04bd3\" data-element_type=\"column\">\n\t\t\t<div class=\"elementor-widget-wrap elementor-element-populated\">\n\t\t\t\t\t\t<div class=\"elementor-element elementor-element-08ea3c8 elementor-widget elementor-widget-heading\" data-id=\"08ea3c8\" data-element_type=\"widget\" data-widget_type=\"heading.default\">\n\t\t\t\t<div class=\"elementor-widget-container\">\n\t\t\t\t\t<h2 class=\"elementor-heading-title elementor-size-default\">Tedaviler<\/h2>\t\t\t\t<\/div>\n\t\t\t\t<\/div>\n\t\t\t\t\t<\/div>\n\t\t<\/div>\n\t\t\t\t\t<\/div>\n\t\t<\/section>\n\t\t\t\t<section class=\"elementor-section elementor-top-section elementor-element elementor-element-cd4f148 elementor-section-boxed elementor-section-height-default elementor-section-height-default\" data-id=\"cd4f148\" data-element_type=\"section\">\n\t\t\t\t\t\t<div class=\"elementor-container elementor-column-gap-default\">\n\t\t\t\t\t<div class=\"elementor-column elementor-col-100 elementor-top-column elementor-element elementor-element-b0254d2\" data-id=\"b0254d2\" data-element_type=\"column\">\n\t\t\t<div class=\"elementor-widget-wrap elementor-element-populated\">\n\t\t\t\t\t\t<div class=\"elementor-element elementor-element-13ea2ad elementor-widget elementor-widget-raven-posts\" data-id=\"13ea2ad\" data-element_type=\"widget\" data-settings=\"{&quot;query_posts_per_page&quot;:18,&quot;classic_columns_mobile&quot;:&quot;2&quot;,&quot;_skin&quot;:&quot;classic&quot;,&quot;classic_layout&quot;:&quot;grid&quot;,&quot;classic_columns&quot;:&quot;3&quot;,&quot;classic_columns_tablet&quot;:&quot;2&quot;,&quot;query_offset&quot;:0}\" data-widget_type=\"raven-posts.classic\">\n\t\t\t\t<div class=\"elementor-widget-container\">\n\t\t\t\t\t\t\t<div class=\"raven-posts raven-grid raven-grid-3 raven-grid-mobile-2 raven-grid-tablet-2\" data-post-id=\"18\" data-archive-query=\"\" data-lang=\"\">\n\t\t\t\t<div class=\"raven-grid-item raven-post-item post-78 page type-page status-publish has-post-thumbnail hentry\">\n\t\t\t<div class=\"raven-post\">\n\t\t\t\t\t\t\t\t<div class=\"raven-post-content\">\n\t\t\t\t\t<h3 class=\"raven-post-title\"><a class=\"raven-post-title-link\" href=\"https:\/\/opdrhakanaydogan.com\/tr\/meme-buyutme\/\">Meme B\u00fcy\u00fctme<\/a><\/h3>\t\t\t\t<\/div>\n\t\t\t<\/div>\n\t\t<\/div>\n\t\t\t\t<div class=\"raven-grid-item raven-post-item post-1093 page type-page status-publish has-post-thumbnail hentry\">\n\t\t\t<div class=\"raven-post\">\n\t\t\t\t\t\t\t\t<div class=\"raven-post-content\">\n\t\t\t\t\t<h3 class=\"raven-post-title\"><a class=\"raven-post-title-link\" href=\"https:\/\/opdrhakanaydogan.com\/tr\/meme-kucultme\/\">Meme K\u00fc\u00e7\u00fcltme<\/a><\/h3>\t\t\t\t<\/div>\n\t\t\t<\/div>\n\t\t<\/div>\n\t\t\t\t<div class=\"raven-grid-item raven-post-item post-85 page type-page status-publish has-post-thumbnail hentry\">\n\t\t\t<div class=\"raven-post\">\n\t\t\t\t\t\t\t\t<div class=\"raven-post-content\">\n\t\t\t\t\t<h3 class=\"raven-post-title\"><a class=\"raven-post-title-link\" href=\"https:\/\/opdrhakanaydogan.com\/tr\/meme-diklestirme\/\">Meme Dikle\u015ftirme\u00a0<\/a><\/h3>\t\t\t\t<\/div>\n\t\t\t<\/div>\n\t\t<\/div>\n\t\t\t\t<div class=\"raven-grid-item raven-post-item post-80 page type-page status-publish has-post-thumbnail hentry\">\n\t\t\t<div class=\"raven-post\">\n\t\t\t\t\t\t\t\t<div class=\"raven-post-content\">\n\t\t\t\t\t<h3 class=\"raven-post-title\"><a class=\"raven-post-title-link\" href=\"https:\/\/opdrhakanaydogan.com\/tr\/burun-estetigi\/\">Burun Esteti\u011fi<\/a><\/h3>\t\t\t\t<\/div>\n\t\t\t<\/div>\n\t\t<\/div>\n\t\t\t\t<div class=\"raven-grid-item raven-post-item post-948 page type-page status-publish has-post-thumbnail hentry\">\n\t\t\t<div class=\"raven-post\">\n\t\t\t\t\t\t\t\t<div class=\"raven-post-content\">\n\t\t\t\t\t<h3 class=\"raven-post-title\"><a class=\"raven-post-title-link\" href=\"https:\/\/opdrhakanaydogan.com\/tr\/karin-germe\/\">Kar\u0131n Germe<\/a><\/h3>\t\t\t\t<\/div>\n\t\t\t<\/div>\n\t\t<\/div>\n\t\t\t\t<div class=\"raven-grid-item raven-post-item post-178 page type-page status-publish has-post-thumbnail hentry\">\n\t\t\t<div class=\"raven-post\">\n\t\t\t\t\t\t\t\t<div class=\"raven-post-content\">\n\t\t\t\t\t<h3 class=\"raven-post-title\"><a class=\"raven-post-title-link\" href=\"https:\/\/opdrhakanaydogan.com\/tr\/botoks\/\">Botoks<\/a><\/h3>\t\t\t\t<\/div>\n\t\t\t<\/div>\n\t\t<\/div>\n\t\t\t\t<div class=\"raven-grid-item raven-post-item post-1260 page type-page status-publish has-post-thumbnail hentry\">\n\t\t\t<div class=\"raven-post\">\n\t\t\t\t\t\t\t\t<div class=\"raven-post-content\">\n\t\t\t\t\t<h3 class=\"raven-post-title\"><a class=\"raven-post-title-link\" href=\"https:\/\/opdrhakanaydogan.com\/tr\/popo-kaldirma\/\">Popo Kald\u0131rma<\/a><\/h3>\t\t\t\t<\/div>\n\t\t\t<\/div>\n\t\t<\/div>\n\t\t\t\t<div class=\"raven-grid-item raven-post-item post-1129 page type-page status-publish has-post-thumbnail hentry\">\n\t\t\t<div class=\"raven-post\">\n\t\t\t\t\t\t\t\t<div class=\"raven-post-content\">\n\t\t\t\t\t<h3 class=\"raven-post-title\"><a class=\"raven-post-title-link\" href=\"https:\/\/opdrhakanaydogan.com\/tr\/liposuction\/\">Liposuction<\/a><\/h3>\t\t\t\t<\/div>\n\t\t\t<\/div>\n\t\t<\/div>\n\t\t\t\t<div class=\"raven-grid-item raven-post-item post-809 page type-page status-publish has-post-thumbnail hentry\">\n\t\t\t<div class=\"raven-post\">\n\t\t\t\t\t\t\t\t<div class=\"raven-post-content\">\n\t\t\t\t\t<h3 class=\"raven-post-title\"><a class=\"raven-post-title-link\" href=\"https:\/\/opdrhakanaydogan.com\/tr\/vajinal-daraltma\/\">Vajinal Daraltma<\/a><\/h3>\t\t\t\t<\/div>\n\t\t\t<\/div>\n\t\t<\/div>\n\t\t\t\t<div class=\"raven-grid-item raven-post-item post-188 page type-page status-publish has-post-thumbnail hentry\">\n\t\t\t<div class=\"raven-post\">\n\t\t\t\t\t\t\t\t<div class=\"raven-post-content\">\n\t\t\t\t\t<h3 class=\"raven-post-title\"><a class=\"raven-post-title-link\" href=\"https:\/\/opdrhakanaydogan.com\/tr\/ameliyatsiz-yuz-germe\/\">Ameliyats\u0131z Y\u00fcz Germe<\/a><\/h3>\t\t\t\t<\/div>\n\t\t\t<\/div>\n\t\t<\/div>\n\t\t\t\t<div class=\"raven-grid-item raven-post-item post-184 page type-page status-publish has-post-thumbnail hentry\">\n\t\t\t<div class=\"raven-post\">\n\t\t\t\t\t\t\t\t<div class=\"raven-post-content\">\n\t\t\t\t\t<h3 class=\"raven-post-title\"><a class=\"raven-post-title-link\" href=\"https:\/\/opdrhakanaydogan.com\/tr\/labioplasti\/\">Labioplasti<\/a><\/h3>\t\t\t\t<\/div>\n\t\t\t<\/div>\n\t\t<\/div>\n\t\t\t\t<div class=\"raven-grid-item raven-post-item post-171 page type-page status-publish has-post-thumbnail hentry\">\n\t\t\t<div class=\"raven-post\">\n\t\t\t\t\t\t\t\t<div class=\"raven-post-content\">\n\t\t\t\t\t<h3 class=\"raven-post-title\"><a class=\"raven-post-title-link\" href=\"https:\/\/opdrhakanaydogan.com\/tr\/kulak-estetigi\/\">Kulak Esteti\u011fi<\/a><\/h3>\t\t\t\t<\/div>\n\t\t\t<\/div>\n\t\t<\/div>\n\t\t\t\t<div class=\"raven-grid-item raven-post-item post-167 page type-page status-publish has-post-thumbnail hentry\">\n\t\t\t<div class=\"raven-post\">\n\t\t\t\t\t\t\t\t<div class=\"raven-post-content\">\n\t\t\t\t\t<h3 class=\"raven-post-title\"><a class=\"raven-post-title-link\" href=\"https:\/\/opdrhakanaydogan.com\/tr\/goz-kapagi-estetigi\/\">G\u00f6z Kapa\u011f\u0131 Esteti\u011fi<\/a><\/h3>\t\t\t\t<\/div>\n\t\t\t<\/div>\n\t\t<\/div>\n\t\t\t\t<div class=\"raven-grid-item raven-post-item post-93 page type-page status-publish has-post-thumbnail hentry\">\n\t\t\t<div class=\"raven-post\">\n\t\t\t\t\t\t\t\t<div class=\"raven-post-content\">\n\t\t\t\t\t<h3 class=\"raven-post-title\"><a class=\"raven-post-title-link\" href=\"https:\/\/opdrhakanaydogan.com\/tr\/yuz-germe\/\">Y\u00fcz Germe<\/a><\/h3>\t\t\t\t<\/div>\n\t\t\t<\/div>\n\t\t<\/div>\n\t\t\t\t<\/div>\n\t\t\t\t\t\t<\/div>\n\t\t\t\t<\/div>\n\t\t\t\t\t<\/div>\n\t\t<\/div>\n\t\t\t\t\t<\/div>\n\t\t<\/section>\n\t\t\t\t<\/div>\n\t\t","protected":false},"excerpt":{"rendered":"<p>Op. Dr. Hakan Aydogan E\u011fitim \u00d6\u011fretim; 1988 Malatya Lisesi\u2019ni bitirdi. 1994, 13 Kas\u0131m tarihinde Ege \u00dcniversitesi T\u0131p Fak\u00fcltesi\u2019nden mezun oldu. Mezuniyet Sonras\u0131; 1994, 22 Aral\u0131k tarihinde Burdur B\u00fcy\u00fckalan Sa\u011fl\u0131k Oca\u011f\u0131\u2019nda g\u00f6reve 1996, Malatya 1 nolu (\u00c7avu\u015fo\u011flu) Sa\u011fl\u0131k Oca\u011f\u0131na atand\u0131. 1998, 21-A\u011fustos tarihinde \u0130n\u00f6n\u00fc \u00dcniversitesi T\u0131p Fak\u00fcltesi Plastik ve Rekonstr\u00fcktif Cerrahi Klini\u011fi`ne asistan olarak ba\u015flad\u0131. 2000, [&hellip;]<\/p>\n","protected":false},"author":1,"featured_media":0,"parent":0,"menu_order":0,"comment_status":"closed","ping_status":"closed","template":"elementor_header_footer","meta":{"_acf_changed":false,"inline_featured_image":false,"footnotes":""},"class_list":["post-18","page","type-page","status-publish","hentry"],"acf":[],"_links":{"self":[{"href":"https:\/\/opdrhakanaydogan.com\/tr\/wp-json\/wp\/v2\/pages\/18","targetHints":{"allow":["GET"]}}],"collection":[{"href":"https:\/\/opdrhakanaydogan.com\/tr\/wp-json\/wp\/v2\/pages"}],"about":[{"href":"https:\/\/opdrhakanaydogan.com\/tr\/wp-json\/wp\/v2\/types\/page"}],"author":[{"embeddable":true,"href":"https:\/\/opdrhakanaydogan.com\/tr\/wp-json\/wp\/v2\/users\/1"}],"replies":[{"embeddable":true,"href":"https:\/\/opdrhakanaydogan.com\/tr\/wp-json\/wp\/v2\/comments?post=18"}],"version-history":[{"count":0,"href":"https:\/\/opdrhakanaydogan.com\/tr\/wp-json\/wp\/v2\/pages\/18\/revisions"}],"wp:attachment":[{"href":"https:\/\/opdrhakanaydogan.com\/tr\/wp-json\/wp\/v2\/media?parent=18"}],"curies":[{"name":"wp","href":"https:\/\/api.w.org\/{rel}","templated":true}]}}