{"id":178,"date":"2022-08-05T13:16:45","date_gmt":"2022-08-05T10:16:45","guid":{"rendered":"http:\/\/www.kadindogumestetik.com\/?page_id=178"},"modified":"2022-08-05T17:43:47","modified_gmt":"2022-08-05T14:43:47","slug":"botoks","status":"publish","type":"page","link":"https:\/\/opdrhakanaydogan.com\/tr\/botoks\/","title":{"rendered":"Botoks"},"content":{"rendered":"\n<p><strong>Botoks Nedir?<\/strong><\/p>\n\n\n\n<p>\u201cClostridium botulinum\u201d isimli bakteriden elde edilen, orta ve derin k\u0131r\u0131\u015f\u0131kl\u0131klar\u0131 gidermede kullan\u0131lan, cerrahi olmayan, kozmetik bir \u00fcr\u00fcnd\u00fcr.<\/p>\n\n\n\n<p><strong>Botoks Nas\u0131l Uygulan\u0131r?<\/strong><\/p>\n\n\n\n<p>Botoks derinin \u201cDermis\u201d tabakas\u0131n\u0131n alt\u0131na, ucu \u00e7ok k\u00fc\u00e7\u00fck olan bir i\u011fneyle, a\u011fr\u0131s\u0131z ve ac\u0131s\u0131z bir \u015fekilde uygulan\u0131r.<\/p>\n\n\n\n<p><strong>Botoks Cilde Nas\u0131l Bir Etki Eder?<\/strong><\/p>\n\n\n\n<p>Botoks, sinir u\u00e7lar\u0131na temas eder ve buradaki i\u015flevleri yava\u015flatarak, k\u0131r\u0131\u015f\u0131kl\u0131klar\u0131n olu\u015fmas\u0131n\u0131n \u00f6n\u00fcne ge\u00e7er.<\/p>\n\n\n\n<p><strong>Botoks Hangi B\u00f6lgelere Uygulan\u0131r?<\/strong><\/p>\n\n\n\n<p>Botoks, k\u0131r\u0131\u015f\u0131kl\u0131\u011f\u0131n ve sarkman\u0131n oldu\u011fu hemen hemen her k\u00fc\u00e7\u00fck b\u00f6lgeye uygulanabilir. Genellikle k\u0131r\u0131\u015f\u0131kl\u0131k ve sarkman\u0131n en \u00e7ok oldu\u011fu b\u00f6lgeler ise; al\u0131n, burun kenarlar\u0131, burun ucu, ka\u015f, dudak \u00e7evresi, g\u00f6zalt\u0131, g\u00f6z\u00fcn etraf\u0131ndaki kaz ayaklar\u0131n\u0131n olu\u015ftu\u011fu b\u00f6lge, eller, boyun, dekolte ve mimik \u00e7izgilerinin \u00e7ok belli oldu\u011fu b\u00f6lgelerdir.<\/p>\n\n\n\n<p><strong>Botoks Herkese Uygulanabilir mi?<\/strong><\/p>\n\n\n\n<p>Botoks, a\u011f\u0131r hastal\u0131k ve rahats\u0131zl\u0131\u011f\u0131 olan ki\u015filer d\u0131\u015f\u0131nda herkese uygulanabilmektedir.<\/p>\n\n\n\n<p><strong>Botoks\u2019tan Sonra Ne Yapmak Gerekir?<\/strong><\/p>\n\n\n\n<p>Botoks sonras\u0131nda cildi bir g\u00fcn boyunca darbe ve yo\u011fun g\u00fcne\u015f \u0131\u015f\u0131\u011f\u0131ndan korumal\u0131, 2 g\u00fcn de s\u0131cak suyla du\u015f al\u0131nmamal\u0131d\u0131r.<\/p>\n\n\n\n<p><strong>Botoks Sadece K\u0131r\u0131\u015f\u0131kl\u0131k Tedavisinde mi Kullan\u0131l\u0131r?<\/strong><\/p>\n\n\n\n<p>Hay\u0131r! Botoks, sarkma ve k\u0131r\u0131\u015f\u0131kl\u0131klar\u0131n tedavisinin yan\u0131 s\u0131ra \u201cterleme\u201d probleminde de kullan\u0131labilmektedir. A\u015f\u0131r\u0131 terleme sorunu \u00e7eken ki\u015filerin koltuk altlar\u0131na, avu\u00e7 i\u00e7lerine, ayaklar\u0131na, diz-kol eklemlerinin katland\u0131\u011f\u0131 yerlerine uygulanabilir.<\/p>\n\n\n\n<p><strong>Botoks \u0130\u015flemi S\u0131ras\u0131nda Ac\u0131 Hissedilir mi?<\/strong><\/p>\n\n\n\n<p>Hay\u0131r! Botoks i\u015flemi \u00f6ncesinde uygulama yap\u0131lacak b\u00f6lgeye hafif bir \u015fekilde anestezik krem uygulan\u0131r ve enjekte s\u0131ras\u0131nda ki\u015fi hi\u00e7bir \u015fey hissetmez.<\/p>\n\n\n\n<p><strong>Botoks Kal\u0131c\u0131 m\u0131d\u0131r?<\/strong><\/p>\n\n\n\n<p>Hay\u0131r! Botoks\u2019un etken maddesi zamanla yava\u015f yava\u015f etkisini yitirmeye ba\u015flar. Kullan\u0131lan malzemenin kalitesine g\u00f6re bu s\u00fcre 4-6 ay aral\u0131\u011f\u0131nda olmaktad\u0131r. Bu s\u00fcrelerin sonunda ki\u015fi e\u011fer isterse tekrar botoks uygulamas\u0131 yapt\u0131rabilir.<\/p>\n\n\n\n<p><strong>Botoks\u2019un Etkisi Ge\u00e7ince Tekrar Yapt\u0131rmak Sa\u011fl\u0131ks\u0131z m\u0131d\u0131r?<\/strong><\/p>\n\n\n\n<p>Hay\u0131r! \u0130kinci veya daha fazla olacak \u015fekilde Botoks uygulamas\u0131 yapt\u0131rmak ki\u015filer i\u00e7in daha sa\u011fl\u0131kl\u0131 olacak ve k\u0131r\u0131\u015f\u0131kl\u0131klar\u0131n g\u00f6r\u00fclme s\u00fcresini \u00f6nemli \u00f6l\u00e7\u00fcde azaltacakt\u0131r.<\/p>\n\n\n\n<p><strong>Botoks Ne Kadar Bir S\u00fcrede Uygulan\u0131r?<\/strong><\/p>\n\n\n\n<p>Botoks i\u015flemi, bir kahve molas\u0131 s\u00fcresi k\u0131sal\u0131\u011f\u0131nda, ortalama 15-20 dakikal\u0131k bir s\u00fcrede yap\u0131labilmektedir.<\/p>\n\n\n\n<p><strong>Botoks Migren Tedavisinde Kullan\u0131labilir mi?<\/strong><\/p>\n\n\n\n<p>Tek ba\u015f\u0131na yeterli olmasa da al\u0131n b\u00f6lgesine uygulanan botoks, buradaki sinirleri uyu\u015fturaca\u011f\u0131 i\u00e7in ki\u015finin migren ataklar\u0131n\u0131 da \u00f6nemli \u00f6l\u00e7\u00fcde azaltacakt\u0131r.<\/p>\n\n\n\n<p><strong>Botoks Vajinismus Tedavisinde Kullan\u0131labilir mi?<\/strong><\/p>\n\n\n\n<p>Tek ba\u015f\u0131na yeterli olmasa da Botoks cinsel birle\u015fmeyi imkans\u0131z hale getiren vajen \u00e7evresi pelvik kaslara uygulan\u0131r ve bu kaslar\u0131n duyarl\u0131l\u0131\u011f\u0131 azalt\u0131larak vajinismus \u00e7\u00f6z\u00fcl\u00fcr. &nbsp;Uygulamadan 10 g\u00fcn sonra ki\u015fi tekrar cinsel hayat\u0131na geri d\u00f6nebilir.<\/p>\n","protected":false},"excerpt":{"rendered":"<p>Botoks Nedir? \u201cClostridium botulinum\u201d isimli bakteriden elde edilen, orta ve derin k\u0131r\u0131\u015f\u0131kl\u0131klar\u0131 gidermede kullan\u0131lan, cerrahi olmayan, kozmetik bir \u00fcr\u00fcnd\u00fcr. Botoks Nas\u0131l Uygulan\u0131r? Botoks derinin \u201cDermis\u201d tabakas\u0131n\u0131n alt\u0131na, ucu \u00e7ok k\u00fc\u00e7\u00fck olan bir i\u011fneyle, a\u011fr\u0131s\u0131z ve ac\u0131s\u0131z bir \u015fekilde uygulan\u0131r. Botoks Cilde Nas\u0131l Bir Etki Eder? Botoks, sinir u\u00e7lar\u0131na temas eder ve buradaki i\u015flevleri yava\u015flatarak, k\u0131r\u0131\u015f\u0131kl\u0131klar\u0131n [&hellip;]<\/p>\n","protected":false},"author":1,"featured_media":1207,"parent":0,"menu_order":0,"comment_status":"closed","ping_status":"closed","template":"","meta":{"_acf_changed":false,"inline_featured_image":false,"footnotes":""},"class_list":["post-178","page","type-page","status-publish","has-post-thumbnail","hentry"],"acf":[],"_links":{"self":[{"href":"https:\/\/opdrhakanaydogan.com\/tr\/wp-json\/wp\/v2\/pages\/178","targetHints":{"allow":["GET"]}}],"collection":[{"href":"https:\/\/opdrhakanaydogan.com\/tr\/wp-json\/wp\/v2\/pages"}],"about":[{"href":"https:\/\/opdrhakanaydogan.com\/tr\/wp-json\/wp\/v2\/types\/page"}],"author":[{"embeddable":true,"href":"https:\/\/opdrhakanaydogan.com\/tr\/wp-json\/wp\/v2\/users\/1"}],"replies":[{"embeddable":true,"href":"https:\/\/opdrhakanaydogan.com\/tr\/wp-json\/wp\/v2\/comments?post=178"}],"version-history":[{"count":0,"href":"https:\/\/opdrhakanaydogan.com\/tr\/wp-json\/wp\/v2\/pages\/178\/revisions"}],"wp:featuredmedia":[{"embeddable":true,"href":"https:\/\/opdrhakanaydogan.com\/tr\/wp-json\/wp\/v2\/media\/1207"}],"wp:attachment":[{"href":"https:\/\/opdrhakanaydogan.com\/tr\/wp-json\/wp\/v2\/media?parent=178"}],"curies":[{"name":"wp","href":"https:\/\/api.w.org\/{rel}","templated":true}]}}