{"id":1260,"date":"2022-08-05T13:09:32","date_gmt":"2022-08-05T10:09:32","guid":{"rendered":"https:\/\/opdrhakanaydogan.com\/demo\/?page_id=1260"},"modified":"2022-08-05T17:52:12","modified_gmt":"2022-08-05T14:52:12","slug":"popo-kaldirma","status":"publish","type":"page","link":"https:\/\/opdrhakanaydogan.com\/tr\/popo-kaldirma\/","title":{"rendered":"Popo Kald\u0131rma"},"content":{"rendered":"\n<p>Estetik operasyon t\u00fcrleri i\u00e7inde popo kald\u0131rma yer al\u0131yor. Dik kal\u00e7alara sahip olmak, tamamen estetik kayg\u0131 ama\u00e7l\u0131 yapt\u0131r\u0131labiliyor.<\/p>\n\n\n\n<p><strong>Popo Kald\u0131rma Estetik Y\u00f6ntemleri<\/strong><\/p>\n\n\n\n<p>Kal\u00e7an\u0131n dikle\u015ftirilmesi&nbsp;<strong>popo kald\u0131rma&nbsp;<\/strong>esteti\u011fi ile m\u00fcmk\u00fcn oluyor. Farkl\u0131 y\u00f6ntemler&nbsp; kullan\u0131larak, \u00e7e\u015fitli teknikler \u00fczerinden operasyonun ger\u00e7ekle\u015fmesi m\u00fcmk\u00fcn oluyor. Zay\u0131f olan ki\u015filerde popo dikle\u015ftirme talebinin son derece yo\u011fun oldu\u011funu s\u00f6yleyebiliriz. Bunun i\u00e7in ger\u00e7ekle\u015ftirilen uygulama, silikon protezlerin kullan\u0131lmas\u0131d\u0131r. Direkt olarak kal\u00e7an\u0131n iki taraf\u0131nda alt k\u0131s\u0131mlara yerle\u015ftirilen protezler ile istedi\u011finiz \u00f6l\u00e7\u00fc ve diklikte kal\u00e7alar\u0131n\u0131z\u0131n olmas\u0131 m\u00fcmk\u00fcnd\u00fcr.<\/p>\n\n\n\n<p>Kilo al\u0131p veren ki\u015filerde poponun sarkmas\u0131, geni\u015flemesi s\u00f6z konusu olabiliyor. Bu durumda olan ki\u015filer i\u00e7in de estetik kayg\u0131 \u00f6nemlidir. Yap\u0131lmas\u0131 gereken, sarkmalar\u0131n ortadan kald\u0131r\u0131lmas\u0131d\u0131r. Bunun i\u00e7in germe operasyonu yap\u0131l\u0131r. \u0130\u00e7 derideki sarkman\u0131n ortadan kald\u0131r\u0131lmas\u0131 i\u00e7in gerilerek i\u015flem yap\u0131lacakt\u0131r.<\/p>\n\n\n\n<p>Genetik \u00f6zellikler sonucunda da popoda istenen oranda diklik olmamas\u0131 s\u00f6z konusu olabilir. Bu durumda bel ile yap\u0131lan a\u00e7\u0131 geni\u015f olaca\u011f\u0131ndan, rahats\u0131z edici olabiliyor.\u00a0<strong>Popo kald\u0131rma\u00a0<\/strong>esteti\u011fi ise direkt olarak ki\u015finin kal\u00e7a ile bel aras\u0131ndaki a\u00e7\u0131s\u0131n\u0131 uygun boyuta ta\u015f\u0131yor. Liposuction y\u00f6ntemi ile poponun \u015fekillendirilmesi sa\u011flan\u0131yor.<\/p>\n\n\n\n<p>Poponuzun dik olmas\u0131 i\u00e7in uygulanabilecek estetik operasyonlar var. Dik ve dolgun bir popoya sahip olmak i\u00e7in protez uygulanabilir. Bunun i\u00e7in kal\u00e7an\u0131z\u0131n her iki taraf\u0131n\u0131n alt k\u0131sm\u0131ndan cerrahi bir kesik at\u0131lacakt\u0131r. Kal\u00e7alar\u0131n\u0131zda olu\u015fturulan cepler, kal\u00e7an\u0131z\u0131n yar\u0131s\u0131n\u0131 kaplayacakt\u0131r. Bu alana direkt olarak silikon protezlerin konmas\u0131 sa\u011flan\u0131r. Kullan\u0131lan protezler normale g\u00f6re bir az daha serttir. Diki\u015fler ile kapanarak, protezlerin poponuzu dikle\u015ftirmesi sa\u011flanacakt\u0131r.\u00a0<strong>Popo kald\u0131rma\u00a0<\/strong>esteti\u011fi sayesinde, kal\u00e7an\u0131z\u0131n hem dik hem de son derece dolgun g\u00f6r\u00fcnmesini sa\u011flaman\u0131z m\u00fcmk\u00fcn olacakt\u0131r. Protez ameliyat\u0131 3 saate kadar s\u00fcrebiliyor.<\/p>\n\n\n\n<p>Yap\u0131lan i\u015flem e\u011fer protez ile iyile\u015fme s\u00fcreci son derece \u00f6nemlidir. Hijyen a\u00e7\u0131s\u0131ndan dikkat edilmesi gereken \u00e7ok say\u0131da husus olacakt\u0131r. \u0130lk etapta kullan\u0131lan protezler sert oldu\u011fundan, erken d\u00f6nemde oturma kalkma s\u0131k\u0131nt\u0131 yaratabilir. Hijyen hususu ise g\u00fc\u00e7l\u00fc antibiyotiklerin kullan\u0131lmas\u0131 ile sa\u011flanacakt\u0131r. Genel anestezi alt\u0131nda yap\u0131lan bir ameliyat oldu\u011fundan iyile\u015fme s\u00fcreciniz biraz daha zorlu olabilir. A\u011fr\u0131 kesiciler ile b\u00fcy\u00fck \u00f6l\u00e7\u00fcde a\u011fr\u0131lar\u0131n giderilmesi sa\u011flanacakt\u0131r. 5 g\u00fcn sonra i\u015finize d\u00f6nmeniz m\u00fcmk\u00fcnd\u00fcr.<\/p>\n\n\n\n<p>Liposuction gibi uygulamalar\u0131n olmas\u0131 durumunda ise iyile\u015fme s\u00fcreci son derece h\u0131zl\u0131d\u0131r. Ayr\u0131ca ki\u015finin normal hayat\u0131na d\u00f6nmesi de k\u0131sa s\u00fcre i\u00e7inde ger\u00e7ekle\u015febilecektir.&nbsp;<strong>Popo kald\u0131rma&nbsp;<\/strong>i\u00e7in uygulanan y\u00f6ntem \u00fczerinden iyile\u015fme s\u00fcrecinin de\u011fi\u015fecek oldu\u011funu bilerek hareket etmeye \u00f6zen g\u00f6sterin.<\/p>\n","protected":false},"excerpt":{"rendered":"<p>Estetik operasyon t\u00fcrleri i\u00e7inde popo kald\u0131rma yer al\u0131yor. Dik kal\u00e7alara sahip olmak, tamamen estetik kayg\u0131 ama\u00e7l\u0131 yapt\u0131r\u0131labiliyor. Popo Kald\u0131rma Estetik Y\u00f6ntemleri Kal\u00e7an\u0131n dikle\u015ftirilmesi&nbsp;popo kald\u0131rma&nbsp;esteti\u011fi ile m\u00fcmk\u00fcn oluyor. Farkl\u0131 y\u00f6ntemler&nbsp; kullan\u0131larak, \u00e7e\u015fitli teknikler \u00fczerinden operasyonun ger\u00e7ekle\u015fmesi m\u00fcmk\u00fcn oluyor. Zay\u0131f olan ki\u015filerde popo dikle\u015ftirme talebinin son derece yo\u011fun oldu\u011funu s\u00f6yleyebiliriz. Bunun i\u00e7in ger\u00e7ekle\u015ftirilen uygulama, silikon protezlerin kullan\u0131lmas\u0131d\u0131r. [&hellip;]<\/p>\n","protected":false},"author":1,"featured_media":1189,"parent":0,"menu_order":0,"comment_status":"closed","ping_status":"closed","template":"","meta":{"_acf_changed":false,"inline_featured_image":false,"footnotes":""},"class_list":["post-1260","page","type-page","status-publish","has-post-thumbnail","hentry"],"acf":[],"_links":{"self":[{"href":"https:\/\/opdrhakanaydogan.com\/tr\/wp-json\/wp\/v2\/pages\/1260","targetHints":{"allow":["GET"]}}],"collection":[{"href":"https:\/\/opdrhakanaydogan.com\/tr\/wp-json\/wp\/v2\/pages"}],"about":[{"href":"https:\/\/opdrhakanaydogan.com\/tr\/wp-json\/wp\/v2\/types\/page"}],"author":[{"embeddable":true,"href":"https:\/\/opdrhakanaydogan.com\/tr\/wp-json\/wp\/v2\/users\/1"}],"replies":[{"embeddable":true,"href":"https:\/\/opdrhakanaydogan.com\/tr\/wp-json\/wp\/v2\/comments?post=1260"}],"version-history":[{"count":0,"href":"https:\/\/opdrhakanaydogan.com\/tr\/wp-json\/wp\/v2\/pages\/1260\/revisions"}],"wp:featuredmedia":[{"embeddable":true,"href":"https:\/\/opdrhakanaydogan.com\/tr\/wp-json\/wp\/v2\/media\/1189"}],"wp:attachment":[{"href":"https:\/\/opdrhakanaydogan.com\/tr\/wp-json\/wp\/v2\/media?parent=1260"}],"curies":[{"name":"wp","href":"https:\/\/api.w.org\/{rel}","templated":true}]}}