{"id":1129,"date":"2022-04-18T12:31:32","date_gmt":"2022-04-18T09:31:32","guid":{"rendered":"https:\/\/ozgukeskinyilmaz.com\/?page_id=1129"},"modified":"2022-08-05T17:46:20","modified_gmt":"2022-08-05T14:46:20","slug":"liposuction","status":"publish","type":"page","link":"https:\/\/opdrhakanaydogan.com\/tr\/liposuction\/","title":{"rendered":"Liposuction"},"content":{"rendered":"\n<p>Estetik uygulamalar\u0131 aras\u0131nda liposuction bulunuyor. Estetik cerrahide en \u00e7ok uygulaman\u0131n yap\u0131ld\u0131\u011f\u0131 operasyondur diyebiliriz.<\/p>\n\n\n\n<p><strong>Liposuciton Nedir?<\/strong><\/p>\n\n\n\n<p>Estetik m\u00fcdahale olarak belirtilmi\u015f olan&nbsp;<strong>liposuction<\/strong>&nbsp;nedir? Soruyu ya\u011f ald\u0131rma y\u00f6ntemidir \u015feklinde cevaplayabiliriz. V\u00fccudun kar\u0131n, kal\u00e7a, y\u00fcz gibi belli b\u00f6lgelerine uygulanabilir. Diyet ve buna benzer zay\u0131flama y\u00f6ntemlerine v\u00fccudun cevap vermemesi durumunda, diren\u00e7li ya\u011f dokular\u0131n\u0131n al\u0131nmas\u0131 i\u015flemidir. V\u00fccut hatlar\u0131n\u0131n \u015fekillendirmesini sa\u011flamaktad\u0131r.<\/p>\n\n\n\n<p><strong>Kimler Liposuciton Yapt\u0131rabilir?<\/strong><\/p>\n\n\n\n<p>Estetik operasyon talebiniz olabilir. Ancak ki\u015finin bu operasyonu yapt\u0131rmas\u0131 i\u00e7in ko\u015fullar\u0131n sa\u011flan\u0131yor olmas\u0131 \u00f6nemlidir. Estetik, kilo verme amac\u0131 ile yap\u0131lm\u0131yor. B\u00f6lgedeki incelmeyi ve bi\u00e7imlenmeyi destekliyor. Operasyonu talep eden ki\u015fiye ilk olarak bu anlat\u0131lacakt\u0131r. Fazla kilolardan kurtulma amac\u0131 ile talep edilmemelidir. \u0130nat\u00e7\u0131 ya\u011flar\u0131n oldu\u011fu b\u00f6lge, inceltilip di\u011fer b\u00f6lgeler ile uyumlu hale getirilecektir. Doktorunuz taraf\u0131ndan yap\u0131lacak olan i\u015flemin sizin v\u00fccudunuzda g\u00f6sterilmesi i\u00e7in randevu alabilirsiniz. Net bilgi alman\u0131z a\u00e7\u0131s\u0131ndan \u00f6nemlidir.<\/p>\n\n\n\n<p>Sa\u011fl\u0131k problemi olmayan<\/p>\n\n\n\n<p>Hamile olmayan<\/p>\n\n\n\n<p>Emzirme d\u00f6neminde olmayan ki\u015filer i\u00e7in\u00a0<strong>liposuction\u00a0<\/strong>uygulamas\u0131 yap\u0131labilir.<\/p>\n\n\n\n<p>Doktorunuz taraf\u0131ndan yap\u0131lan incelemelerin sonunda, i\u015flem tarihi verilir. Uygulaman\u0131n yap\u0131laca\u011f\u0131 b\u00f6lgeye 1 \u2013 2 mm\u2019lik kesikler a\u00e7\u0131lacakt\u0131r. Sonras\u0131nda ise diren\u00e7li ya\u011flar\u0131n eritilmesi sa\u011flanacakt\u0131r. Par\u00e7alanan ve eriyen ya\u011flar ince kan\u00fcller ya da enjekt\u00f6r kullan\u0131larak al\u0131nacakt\u0131r Vakumlama y\u00f6ntemi ile al\u0131nmas\u0131 sa\u011flanacakt\u0131r. Ameliyat izlerinin belirgin olmamas\u0131 i\u00e7in ise v\u00fccut k\u0131vr\u0131m yerleri ile i\u00e7 \u00e7ama\u015f\u0131r\u0131n\u0131n alt\u0131nda kalacak \u015fekilde i\u015flem yap\u0131lmas\u0131 sa\u011flanacakt\u0131r.<\/p>\n\n\n\n<p>Doktorunuzun yapm\u0131\u015f oldu\u011fu\u00a0<strong>liposuctiion\u00a0<\/strong>uygulamas\u0131n\u0131n estetik kayg\u0131 ta\u015f\u0131narak yap\u0131lmas\u0131 \u00f6nemlidir. Kesiklerin g\u00f6r\u00fcnmemesine dikkat edilerek, i\u015flemin yap\u0131lmas\u0131 sa\u011flanacakt\u0131r. Ki\u015finin hangi b\u00f6lgeye uygulama yapt\u0131\u011f\u0131 ve b\u00f6lgenin durumu da \u00f6nemlidir. Bunlar\u0131 dikkate alarak estetik talebinizi ger\u00e7ekle\u015ftirebilirsiniz.<\/p>\n\n\n\n<p><br>\u0130yile\u015fme s\u00fcreci, liposuciton sonras\u0131 ba\u015flayacakt\u0131r. Uygulama lokal anestezi ile yap\u0131ld\u0131\u011f\u0131ndan en h\u0131zl\u0131 \u015fekilde iyile\u015fmenin ger\u00e7ekle\u015fecek oldu\u011fu ameliyatlar aras\u0131nda oldu\u011funu s\u00f6yleyebiliriz. Birka\u00e7 g\u00fcn i\u00e7inde i\u015finize d\u00f6nebilece\u011finiz \u015fekilde bir uygulama olaca\u011f\u0131ndan emin olabilirsiniz. Doktorunuzun uygulad\u0131\u011f\u0131 tekni\u011fe g\u00f6re de\u011fi\u015fecek olan iyile\u015fme s\u00fcreci, ayn\u0131 \u015fekilde kal\u0131c\u0131 hasar olup olmamas\u0131n\u0131 \u2013 ne kadar olaca\u011f\u0131 gibi durumlar\u0131 da etkileyecektir. Hangi y\u00f6ntemin kullan\u0131ld\u0131\u011f\u0131 doktorunuz taraf\u0131ndan a\u00e7\u0131klanabilir.<\/p>\n\n\n\n<p>Her teknik i\u00e7in hastan\u0131n uygulama sonras\u0131nda korse giymesi \u00f6neriliyor. V\u00fccudunuzun \u015fekle girmesi a\u00e7\u0131s\u0131ndan giymeniz de fayda var.&nbsp;<strong>Liposuction&nbsp;<\/strong>sonras\u0131 iyile\u015fme s\u00fcrecinin h\u0131zlanmas\u0131n\u0131 da sa\u011flayacakt\u0131r. Doktorunuzun bu anlamda \u00f6nerilerini dikkate alarak hareket ederseniz, \u00e7ok daha h\u0131zl\u0131 \u015fekilde iyile\u015fme ger\u00e7ekle\u015fecektir. Sizin i\u00e7in uygun olan y\u00f6ntem hangisi ise ona g\u00f6re se\u00e7im yap\u0131lacak ve iyile\u015fmenin k\u0131sa s\u00fcrede olmas\u0131 sa\u011flanacakt\u0131r. Randevu alabilirsiniz.<\/p>\n","protected":false},"excerpt":{"rendered":"<p>Estetik uygulamalar\u0131 aras\u0131nda liposuction bulunuyor. Estetik cerrahide en \u00e7ok uygulaman\u0131n yap\u0131ld\u0131\u011f\u0131 operasyondur diyebiliriz. Liposuciton Nedir? Estetik m\u00fcdahale olarak belirtilmi\u015f olan&nbsp;liposuction&nbsp;nedir? Soruyu ya\u011f ald\u0131rma y\u00f6ntemidir \u015feklinde cevaplayabiliriz. V\u00fccudun kar\u0131n, kal\u00e7a, y\u00fcz gibi belli b\u00f6lgelerine uygulanabilir. Diyet ve buna benzer zay\u0131flama y\u00f6ntemlerine v\u00fccudun cevap vermemesi durumunda, diren\u00e7li ya\u011f dokular\u0131n\u0131n al\u0131nmas\u0131 i\u015flemidir. V\u00fccut hatlar\u0131n\u0131n \u015fekillendirmesini sa\u011flamaktad\u0131r. Kimler Liposuciton [&hellip;]<\/p>\n","protected":false},"author":1,"featured_media":1213,"parent":0,"menu_order":0,"comment_status":"closed","ping_status":"closed","template":"","meta":{"_acf_changed":false,"inline_featured_image":false,"footnotes":""},"class_list":["post-1129","page","type-page","status-publish","has-post-thumbnail","hentry"],"acf":[],"_links":{"self":[{"href":"https:\/\/opdrhakanaydogan.com\/tr\/wp-json\/wp\/v2\/pages\/1129","targetHints":{"allow":["GET"]}}],"collection":[{"href":"https:\/\/opdrhakanaydogan.com\/tr\/wp-json\/wp\/v2\/pages"}],"about":[{"href":"https:\/\/opdrhakanaydogan.com\/tr\/wp-json\/wp\/v2\/types\/page"}],"author":[{"embeddable":true,"href":"https:\/\/opdrhakanaydogan.com\/tr\/wp-json\/wp\/v2\/users\/1"}],"replies":[{"embeddable":true,"href":"https:\/\/opdrhakanaydogan.com\/tr\/wp-json\/wp\/v2\/comments?post=1129"}],"version-history":[{"count":0,"href":"https:\/\/opdrhakanaydogan.com\/tr\/wp-json\/wp\/v2\/pages\/1129\/revisions"}],"wp:featuredmedia":[{"embeddable":true,"href":"https:\/\/opdrhakanaydogan.com\/tr\/wp-json\/wp\/v2\/media\/1213"}],"wp:attachment":[{"href":"https:\/\/opdrhakanaydogan.com\/tr\/wp-json\/wp\/v2\/media?parent=1129"}],"curies":[{"name":"wp","href":"https:\/\/api.w.org\/{rel}","templated":true}]}}