{"id":1093,"date":"2022-08-05T13:25:14","date_gmt":"2022-08-05T10:25:14","guid":{"rendered":"https:\/\/ozgukeskinyilmaz.com\/?page_id=1093"},"modified":"2022-08-05T17:33:10","modified_gmt":"2022-08-05T14:33:10","slug":"meme-kucultme","status":"publish","type":"page","link":"https:\/\/opdrhakanaydogan.com\/tr\/meme-kucultme\/","title":{"rendered":"Meme K\u00fc\u00e7\u00fcltme"},"content":{"rendered":"\n<p>B\u00fcy\u00fck g\u00f6\u011f\u00fcsleri k\u00fc\u00e7\u00fck g\u00f6stermek isteyen kad\u0131nlar meme k\u00fc\u00e7\u00fcltme operasyonu i\u00e7in klini\u011fimize ba\u015fvuru yapmaktad\u0131r.<\/p>\n\n\n\n<h4 class=\"wp-block-heading\">Hangi Durumlarda Meme K\u00fc\u00e7\u00fclt\u00fcl\u00fcr?<\/h4>\n\n\n\n<p>Kad\u0131nlar&nbsp;&nbsp;<strong>meme k\u00fc\u00e7\u00fcltme&nbsp;<\/strong>&nbsp;operasyonlar\u0131na&nbsp; genellikle ya\u015fas\u0131klar\u0131 bir s\u0131k\u0131nt\u0131 ya da g\u00f6rsel estetik rahats\u0131zl\u0131\u011f\u0131 nedenleriyle ba\u015fvuru yapmaktad\u0131r. \u00d6rne\u011fin&nbsp; b\u00fcy\u00fck g\u00f6\u011f\u00fcsler boyun ve s\u0131rt a\u011fr\u0131lar\u0131na neden oluyorsa sa\u011fl\u0131k problemi nedeniyle&nbsp; ameliyat\u0131 gerektirebilir. B\u00fcy\u00fck memeler, baz\u0131 fiziksel aktiviteleri k\u0131s\u0131tlayabilmektedir. Ayr\u0131ca bedene g\u00f6re \u00e7ok b\u00fcy\u00fckse istenne k\u0131yafetleri giyerken s\u0131k\u0131nt\u0131 \u00e7\u0131karabilmektedir.&nbsp; Ter ve pi\u015fik ile k\u00f6t\u00fc koku gibi durumlara da neden olabilen b\u00fcy\u00fck memeler bazen de s\u00fctyen ask\u0131s\u0131n\u0131n iz yapmas\u0131 nedeniyle k\u00fc\u00e7\u00fclt\u00fclmek istenebilir.<\/p>\n\n\n\n<p>Kad\u0131nlarda meme dokusunun \u00e7ok b\u00fcy\u00fck olmas\u0131 genetik nedenlerle olabilece\u011fi gibi do\u011fum\u00a0 sonras\u0131 emzirme gibi etkenlerle de olu\u015fabilmektedir. Ancak her zaman memelerin ikisi de b\u00fcy\u00fck olacak demek de\u011fildir. Bazen simetri ama\u00e7l\u0131 da\u00a0<strong>meme k\u00fc\u00e7\u00fcltme<\/strong>\u00a0i\u015flemi olabilir.<\/p>\n\n\n\n<p><br>Ameliyat olan kad\u0131nlar iiyile\u015fme s\u00fcre\u00e7lerinde dikkatli davrand\u0131klar\u0131 s\u00fcrece belirtilen zamanda yeniden eski sa\u011fl\u0131klar\u0131na kavu\u015fabilecektir. Operasyon bitmesinden sonra bir g\u00fcn hastanede kalma&nbsp; s\u00fcresi bulunmaktad\u0131r. Daha sonra pansuman ve sporcu s\u00fctyeni giyilmesi ile taburcu i\u015flemleri yap\u0131l\u0131r. On on be\u015f g\u00fcn aral\u0131klarla da klini\u011fimize gelen hastalar kontrol edilmektedir. Dikii\u015fler ikinci hafta sonras\u0131nda al\u0131n\u0131r. Bunun d\u0131\u015f\u0131nda iyile\u015fme s\u00fcreci devam ederken&nbsp; baz\u0131 bilgiler \u015f\u00f6yledir:<\/p>\n\n\n\n<ul class=\"wp-block-list\"><li>Ameliyat&nbsp;sonras\u0131 4. g\u00fcn du\u015f al\u0131nmal\u0131d\u0131r.<\/li><li>1 hafta istirahat edilmelidir.<\/li><li>3-4 haftaya kadar g\u00f6\u011f\u00fcs b\u00f6lgesini, kollar\u0131 zorlayan sporlardan uzak durulmal\u0131d\u0131r.<\/li><li>Ameliyat bitiminden sonraki 12 aya kadar ara s\u0131ra hafif batma ve s\u0131zlama olmas\u0131 ola\u011fan bir durumdur. Ancak a\u011fr\u0131 \u015fiddeti \u00e7ok olmaz.<\/li><li>G\u00f6\u011f\u00fcs dokusundaki \u015fi\u015flik olmas\u0131 ola\u011fan bir durumdur. 4 haftaya kadar bu gidecektir.<\/li><\/ul>\n\n\n\n<p>Ameliyattan sonraki b\u00fct\u00fcn ayrt\u0131nt\u0131lar hastalar\u0131m\u0131za verilmektedir.<\/p>\n\n\n\n<p><strong>Ameliyattan Sonra \u0130z Kal\u0131r M\u0131?<\/strong><\/p>\n\n\n\n<p>\u00d6teki ameliyatlarda oldu\u011fu gibi\u00a0\u00a0<strong>meme k\u00fc\u00e7\u00fcltme\u00a0<\/strong>\u00a0ameliyat\u0131 bitmesinden sonra da iz kalmaktad\u0131r. Ancak izin b\u00fcy\u00fckl\u00fc\u011f\u00fc, \u015fekli kullan\u0131lan operasyon bi\u00e7imine g\u00f6re de\u011fi\u015fmektedir. L,T ya da I bi\u00e7iminde iz olmas\u0131 m\u00fcmk\u00fcnd\u00fcr. Meme alt\u0131nda kalan iz, \u00f6nden bak\u0131ld\u0131\u011f\u0131 zaman g\u00f6r\u00fcnmemektedir.<\/p>\n\n\n\n<p><strong>Ameliyat\u0131 Sonras\u0131 Emzirmeye Engel Bir Durum Olur Mu?<\/strong><\/p>\n\n\n\n<p>Yeni anne olan kad\u0131nlar meme k\u00fc\u00e7\u00fcltme operasyonu \u00a0sonras\u0131nda emzirme durumunu merak etmektedir.\u00a0 Hastan\u0131n \u00e7ocuk sahibi olma plan\u0131 bu noktada\u00a0 belirleyic olmaktad\u0131r. Yani emzirme b\u00f6l\u00fcm\u00fc i\u00e7in gereken b\u00f6l\u00fcm hasta kabul ederse al\u0131n\u0131r ya da al\u0131nmaz.<\/p>\n\n\n\n<p><strong>Meme K\u00fc\u00e7\u00fcltme Ameliyat\u0131 Risk Bar\u0131nd\u0131r\u0131r M\u0131?<\/strong><\/p>\n\n\n\n<p><strong>Meme k\u00fc\u00e7\u00fcltme&nbsp;<\/strong>&nbsp;operasyonu&nbsp; devam ederken ya da i\u015flem bitmesinden sonra&nbsp; kanama, dokuda kan birikmesi gibi durumlar g\u00f6r\u00fclebilir.&nbsp; Bu y\u00fczden i\u015flemlerden \u00f6nce hastalar\u0131m\u0131z\u0131n kan de\u011ferlerinin normal olup olmad\u0131\u011f\u0131n\u0131 kontrol etmekteyiz. Bunun d\u0131\u015f\u0131nda \u015feker hastalar\u0131, \u00e7ok sigara i\u00e7en ki\u015filer ve genetik yatk\u0131nl\u0131\u011f\u0131 olan ki\u015filerde yaralar \u00e7ok ge\u00e7 iyile\u015febilir.<\/p>\n","protected":false},"excerpt":{"rendered":"<p>B\u00fcy\u00fck g\u00f6\u011f\u00fcsleri k\u00fc\u00e7\u00fck g\u00f6stermek isteyen kad\u0131nlar meme k\u00fc\u00e7\u00fcltme operasyonu i\u00e7in klini\u011fimize ba\u015fvuru yapmaktad\u0131r. Hangi Durumlarda Meme K\u00fc\u00e7\u00fclt\u00fcl\u00fcr? Kad\u0131nlar&nbsp;&nbsp;meme k\u00fc\u00e7\u00fcltme&nbsp;&nbsp;operasyonlar\u0131na&nbsp; genellikle ya\u015fas\u0131klar\u0131 bir s\u0131k\u0131nt\u0131 ya da g\u00f6rsel estetik rahats\u0131zl\u0131\u011f\u0131 nedenleriyle ba\u015fvuru yapmaktad\u0131r. \u00d6rne\u011fin&nbsp; b\u00fcy\u00fck g\u00f6\u011f\u00fcsler boyun ve s\u0131rt a\u011fr\u0131lar\u0131na neden oluyorsa sa\u011fl\u0131k problemi nedeniyle&nbsp; ameliyat\u0131 gerektirebilir. B\u00fcy\u00fck memeler, baz\u0131 fiziksel aktiviteleri k\u0131s\u0131tlayabilmektedir. Ayr\u0131ca bedene g\u00f6re \u00e7ok [&hellip;]<\/p>\n","protected":false},"author":1,"featured_media":1187,"parent":0,"menu_order":0,"comment_status":"closed","ping_status":"closed","template":"","meta":{"_acf_changed":false,"inline_featured_image":false,"footnotes":""},"class_list":["post-1093","page","type-page","status-publish","has-post-thumbnail","hentry"],"acf":[],"_links":{"self":[{"href":"https:\/\/opdrhakanaydogan.com\/tr\/wp-json\/wp\/v2\/pages\/1093","targetHints":{"allow":["GET"]}}],"collection":[{"href":"https:\/\/opdrhakanaydogan.com\/tr\/wp-json\/wp\/v2\/pages"}],"about":[{"href":"https:\/\/opdrhakanaydogan.com\/tr\/wp-json\/wp\/v2\/types\/page"}],"author":[{"embeddable":true,"href":"https:\/\/opdrhakanaydogan.com\/tr\/wp-json\/wp\/v2\/users\/1"}],"replies":[{"embeddable":true,"href":"https:\/\/opdrhakanaydogan.com\/tr\/wp-json\/wp\/v2\/comments?post=1093"}],"version-history":[{"count":0,"href":"https:\/\/opdrhakanaydogan.com\/tr\/wp-json\/wp\/v2\/pages\/1093\/revisions"}],"wp:featuredmedia":[{"embeddable":true,"href":"https:\/\/opdrhakanaydogan.com\/tr\/wp-json\/wp\/v2\/media\/1187"}],"wp:attachment":[{"href":"https:\/\/opdrhakanaydogan.com\/tr\/wp-json\/wp\/v2\/media?parent=1093"}],"curies":[{"name":"wp","href":"https:\/\/api.w.org\/{rel}","templated":true}]}}